{"id":679,"date":"2019-03-01T22:44:14","date_gmt":"2019-03-01T22:44:14","guid":{"rendered":"http:\/\/turirye.dk\/?page_id=679"},"modified":"2024-02-16T23:03:03","modified_gmt":"2024-02-16T23:03:03","slug":"guidet-meditation","status":"publish","type":"page","link":"https:\/\/turirye.dk\/?page_id=679","title":{"rendered":"MEDITATIONER"},"content":{"rendered":"\n<h2 class=\"wp-block-heading has-medium-font-size\" style=\"font-style:normal;font-weight:100\">Guidede energi\u00f8velser og meditationer<\/h2>\n\n\n\n<p>De guidede energi\u00f8velser og meditationer er udviklet af Bob Moore. De indg\u00e5r i min meditationsundervisning og kurser. Meditationsguidningen er ment som en hj\u00e6lp til at praktisere mere i hverdagen for dig, der deltager i en af meditationsgrupperne, p\u00e5 kurser og retreats. Men de er ogs\u00e5 til dig, der gerne vil meditere og m\u00e5ske overvejer, om denne meditationsform passer til dig<\/p>\n\n\n\n<p>I meditationerne og de meditative \u00f8velser indg\u00e5r energipunkter, chakraer, geometriske figurer, farver og lys. De varer 10 &#8211; 20 minutter, er uden musik, og der er mellem hvert punkt tid til fordybelse i stilhed. Lad dig s\u00e5 \u00e5bent og afslappet som muligt synke ind i det, der sker som et budskab fra dit indre.<\/p>\n\n\n\n<p>\u00d8velser og meditationer kan undervejs og efterf\u00f8lgende igangs\u00e6tte en proces, hvor der kommer nyt lys p\u00e5 og bliver renset i gamle m\u00f8nstre i krop og sind som del af en selvhealingsproces. Det giver mere balance, klarhed og udvikling i en dybere kontakt med den, du er.<\/p>\n\n\n\n<p>Selv har jeg lang erfaring med meditationerne, dels fra 40 \u00e5rs daglig praksis og mange\u00e5rig undervisning hos Bob Moore. Dels fra min undervisning gennem 35 \u00e5r af meditationskurser og -grupper, hvor jeg med gl\u00e6de har fulgt mange menneskers udviklingsprocesser og oplevet meditationernes dybt forandrende og selv-healende virkning.<\/p>\n\n\n\n<h2 class=\"wp-block-heading has-medium-font-size\" style=\"font-style:normal;font-weight:100\">Kropskontakt og n\u00e6rv\u00e6r (8 min)<\/h2>\n\n\n\n<figure class=\"wp-block-audio\"><audio controls src=\"https:\/\/turirye.dk\/wp-content\/uploads\/2019\/03\/kropskontakt-og-narvar.mp3\"><\/audio><\/figure>\n\n\n\n<h2 class=\"wp-block-heading has-medium-font-size\" style=\"font-style:normal;font-weight:100\">Polaritetsfirkanten (ca. 17 min)<\/h2>\n\n\n\n<figure class=\"wp-block-audio\"><audio controls src=\"https:\/\/turirye.dk\/wp-content\/uploads\/2019\/02\/Polaritetsfirkanten-mp3.mp3\"><\/audio><\/figure>\n\n\n\n<h2 class=\"wp-block-heading has-medium-font-size\" style=\"font-style:normal;font-weight:100\">Individualitetstrekanten (ca. 15 min)<\/h2>\n\n\n\n<figure class=\"wp-block-audio\"><audio controls src=\"https:\/\/turirye.dk\/wp-content\/uploads\/2019\/03\/Identitetstrekanten.mp3\"><\/audio><\/figure>\n\n\n\n<h3 class=\"wp-block-heading has-medium-font-size\" style=\"font-style:normal;font-weight:100\">Ottetalsmeditation (ca.16 min)<\/h3>\n\n\n\n<figure class=\"wp-block-audio\"><audio controls src=\"https:\/\/turirye.dk\/wp-content\/uploads\/2019\/04\/Ottetalsmeditation.mp3\"><\/audio><\/figure>\n\n\n\n<h3 class=\"wp-block-heading has-medium-font-size\" style=\"font-style:normal;font-weight:100\">Farvemeditation (ca. 25 min)<\/h3>\n\n\n\n<figure class=\"wp-block-audio\"><audio controls src=\"https:\/\/turirye.dk\/wp-content\/uploads\/2019\/04\/Farvemeditation.mp3\"><\/audio><\/figure>\n\n\n\n<p><\/p>\n\n\n\n<p><\/p>\n","protected":false},"excerpt":{"rendered":"<p>Guidede energi\u00f8velser og meditationer De guidede energi\u00f8velser og meditationer er udviklet af Bob Moore. De indg\u00e5r i min meditationsundervisning og kurser. Meditationsguidningen er ment som en hj\u00e6lp til at praktisere mere i hverdagen for dig, der deltager i en af meditationsgrupperne, p\u00e5 kurser og retreats. Men de er ogs\u00e5 til dig, der gerne vil meditere [&hellip;]<\/p>\n","protected":false},"author":4,"featured_media":0,"parent":0,"menu_order":0,"comment_status":"closed","ping_status":"closed","template":"","meta":{"footnotes":""},"class_list":["post-679","page","type-page","status-publish","hentry"],"_links":{"self":[{"href":"https:\/\/turirye.dk\/index.php?rest_route=\/wp\/v2\/pages\/679","targetHints":{"allow":["GET"]}}],"collection":[{"href":"https:\/\/turirye.dk\/index.php?rest_route=\/wp\/v2\/pages"}],"about":[{"href":"https:\/\/turirye.dk\/index.php?rest_route=\/wp\/v2\/types\/page"}],"author":[{"embeddable":true,"href":"https:\/\/turirye.dk\/index.php?rest_route=\/wp\/v2\/users\/4"}],"replies":[{"embeddable":true,"href":"https:\/\/turirye.dk\/index.php?rest_route=%2Fwp%2Fv2%2Fcomments&post=679"}],"version-history":[{"count":22,"href":"https:\/\/turirye.dk\/index.php?rest_route=\/wp\/v2\/pages\/679\/revisions"}],"predecessor-version":[{"id":2172,"href":"https:\/\/turirye.dk\/index.php?rest_route=\/wp\/v2\/pages\/679\/revisions\/2172"}],"wp:attachment":[{"href":"https:\/\/turirye.dk\/index.php?rest_route=%2Fwp%2Fv2%2Fmedia&parent=679"}],"curies":[{"name":"wp","href":"https:\/\/api.w.org\/{rel}","templated":true}]}}