{"id":67,"date":"2013-05-09T10:28:05","date_gmt":"2013-05-09T10:28:05","guid":{"rendered":"http:\/\/turirye.dk\/?page_id=67"},"modified":"2026-02-15T19:49:38","modified_gmt":"2026-02-15T19:49:38","slug":"kontakt-og-praktiske-oplysninger","status":"publish","type":"page","link":"https:\/\/turirye.dk\/?page_id=67","title":{"rendered":"PRAKTISK"},"content":{"rendered":"\n<h2 class=\"wp-block-heading has-medium-font-size\" style=\"font-style:normal;font-weight:100\">Information og tilmelding<\/h2>\n\n\n\n<p>Vil du have yderligere information, tilmelde dig et kursus eller bestille en individuel session er du velkommen til at ringe eller skrive:<\/p>\n\n\n\n<p><strong>Telefon<\/strong>: (+45) 50 91 59 05<br><strong>Email<\/strong>: turirye@comxnet.dk<br><strong>Adresse<\/strong>: Turi Rye Thomsen, Vesterskovvej 4, 4640 Faxe<\/p>\n\n\n\n<h2 class=\"wp-block-heading has-medium-font-size\" style=\"font-style:normal;font-weight:100\">Telefontid <\/h2>\n\n\n\n<p>S\u00e6dvanligvis torsdag kl. 12 &#8211; 13. Ellers skriv gerne en sms eller en mail, og vi kan aftale tidspunkt for sp\u00f8rgsm\u00e5l og samtale.<\/p>\n\n\n\n<h2 class=\"wp-block-heading has-medium-font-size\" style=\"font-style:normal;font-weight:100\">Kursustider<\/h2>\n\n\n\n<p>Hvis ikke andet er angivet, er kursustiderne f\u00f8lgende:<br>Fredag kl. 17 &#8211; 20<br>L\u00f8rdag kl. 9.30 &#8211; 17.30<br>S\u00f8ndag kl. 9.30 &#8211; 16.30<\/p>\n\n\n\n<h2 class=\"wp-block-heading has-medium-font-size\" style=\"font-style:normal;font-weight:100\">Priser p\u00e5 kurser<\/h2>\n\n\n\n<p>Priser p\u00e5 kurserne fremg\u00e5r under de respektive kursusskrivelser. Ellers kontakt mig gerne.<\/p>\n\n\n\n<p><strong>Depositum<\/strong>: 500 kr. Betales ved tilmelding og modregnes ved sidste kursus i et forl\u00f8b.<\/p>\n\n\n\n<p><strong>Bankkontonummer<\/strong>: Reg.nr. 9682 kontonummer 0001346520<\/p>\n\n\n\n<p><strong>Mobilepay<\/strong>: 26646 (Kursuscenter Skovriderg\u00e5rden)<\/p>\n\n\n\n<h2 class=\"wp-block-heading has-medium-font-size\" style=\"font-style:normal;font-weight:100\">Priser p\u00e5 terapi, supervision og healing i Vemmetofte, K\u00f8ge (ved stationen) eller Online<\/h2>\n\n\n\n<p>En session (1 \u00bd time) 1000 kr. <br>Introduktions tilbud for nye 800 kr.<br>Parkonsultation 1300 kr.<br>Telefon- eller skype\/zoom konsultation 600 kr. pr. time<\/p>\n\n\n\n<h2 class=\"wp-block-heading has-medium-font-size\" style=\"font-style:normal;font-weight:100\">Afbud<\/h2>\n\n\n\n<p>Eventuelt afbud senest dagen f\u00f8r.<\/p>\n","protected":false},"excerpt":{"rendered":"<p>Information og tilmelding Vil du have yderligere information, tilmelde dig et kursus eller bestille en individuel session er du velkommen til at ringe eller skrive: Telefon: (+45) 50 91 59 05Email: turirye@comxnet.dkAdresse: Turi Rye Thomsen, Vesterskovvej 4, 4640 Faxe Telefontid S\u00e6dvanligvis torsdag kl. 12 &#8211; 13. Ellers skriv gerne en sms eller en mail, og [&hellip;]<\/p>\n","protected":false},"author":3,"featured_media":0,"parent":0,"menu_order":4,"comment_status":"closed","ping_status":"closed","template":"","meta":{"footnotes":""},"class_list":["post-67","page","type-page","status-publish","hentry"],"_links":{"self":[{"href":"https:\/\/turirye.dk\/index.php?rest_route=\/wp\/v2\/pages\/67","targetHints":{"allow":["GET"]}}],"collection":[{"href":"https:\/\/turirye.dk\/index.php?rest_route=\/wp\/v2\/pages"}],"about":[{"href":"https:\/\/turirye.dk\/index.php?rest_route=\/wp\/v2\/types\/page"}],"author":[{"embeddable":true,"href":"https:\/\/turirye.dk\/index.php?rest_route=\/wp\/v2\/users\/3"}],"replies":[{"embeddable":true,"href":"https:\/\/turirye.dk\/index.php?rest_route=%2Fwp%2Fv2%2Fcomments&post=67"}],"version-history":[{"count":25,"href":"https:\/\/turirye.dk\/index.php?rest_route=\/wp\/v2\/pages\/67\/revisions"}],"predecessor-version":[{"id":3151,"href":"https:\/\/turirye.dk\/index.php?rest_route=\/wp\/v2\/pages\/67\/revisions\/3151"}],"wp:attachment":[{"href":"https:\/\/turirye.dk\/index.php?rest_route=%2Fwp%2Fv2%2Fmedia&parent=67"}],"curies":[{"name":"wp","href":"https:\/\/api.w.org\/{rel}","templated":true}]}}