{"id":59,"date":"2013-05-09T10:23:35","date_gmt":"2013-05-09T10:23:35","guid":{"rendered":"http:\/\/turirye.dk\/?page_id=59"},"modified":"2024-05-01T20:57:00","modified_gmt":"2024-05-01T20:57:00","slug":"hvem-er-jeg","status":"publish","type":"page","link":"https:\/\/turirye.dk\/?page_id=59","title":{"rendered":"OM MIG"},"content":{"rendered":"\n<div class=\"wp-block-columns is-layout-flex wp-container-core-columns-is-layout-9d6595d7 wp-block-columns-is-layout-flex\">\n<div class=\"wp-block-column is-layout-flow wp-block-column-is-layout-flow\" style=\"flex-basis:33.33%\">\n<figure class=\"wp-block-image size-full\"><img fetchpriority=\"high\" decoding=\"async\" width=\"667\" height=\"1001\" src=\"https:\/\/turirye.dk\/wp-content\/uploads\/2024\/05\/portrait_turi4.jpg\" alt=\"Turi Rye Thomsen - Psykoterapeut (MPF), meditationsl\u00e6rer, forfatter\" class=\"wp-image-2780\" srcset=\"https:\/\/turirye.dk\/wp-content\/uploads\/2024\/05\/portrait_turi4.jpg 667w, https:\/\/turirye.dk\/wp-content\/uploads\/2024\/05\/portrait_turi4-200x300.jpg 200w, https:\/\/turirye.dk\/wp-content\/uploads\/2024\/05\/portrait_turi4-624x936.jpg 624w\" sizes=\"(max-width: 667px) 100vw, 667px\" \/><figcaption class=\"wp-element-caption\">Psykoterapeut (MPF), meditationsl\u00e6rer, forfatter<\/figcaption><\/figure>\n<\/div>\n\n\n\n<div class=\"wp-block-column is-layout-flow wp-block-column-is-layout-flow\" style=\"flex-basis:66.66%\"><\/div>\n<\/div>\n\n\n\n<p class=\"has-medium-font-size\">Jeg har haft kursusvirksomhed i meditation, mindfulness og healing, samt praksis med individuel psykoterapi, healing og supervision siden 1989. Jeg er 68 \u00e5r (20.12.1955) og har tre voksne b\u00f8rn.<\/p>\n\n\n\n<h2 class=\"wp-block-heading has-medium-font-size\">Min baggrund<\/h2>\n\n\n\n<p class=\"has-text-align-left\">Min uddannelsesm\u00e6ssige baggrund er en krops- psykoterapeutuddannelse (MPF) fra Dansk Institut for Organisk Psykoterapi (D.I.G.) 1997-2000 og en 2 \u00bd \u00e5rig massagel\u00e6reruddannelse i healingmassage og terapeutisk ber\u00f8ring (1985-87). Hertil kommer mange\u00e5rige udviklings- og uddannelsesforl\u00f8b i meditation og mindfulness, bevidsthedsudvikling og healing hos Bob Moore og Asta Fink (1991-2011), samt Jes Bertelsen (2013-2023).<\/p>\n\n\n\n<p>Oprindeligt er jeg uddannet cand. phil. i Samfundsfag fra K\u00f8benhavns Universitet og har arbejdet som underviser, forsker, informationsmedarbejder og hjemmehj\u00e6lper. Jeg har i 10 \u00e5r undervist p\u00e5 Ern\u00e6ringsterapeutuddannelsen p\u00e5 Center for Ern\u00e6ring og Terapi og er forfatter til bogen: \u201dAstma og Allergi \u2013 en vej til st\u00f8rre forst\u00e5else og balance og udvikling\u201d (1996), som baserer sig p\u00e5 et 2 &#8211; \u00e5rigt forskningsforl\u00f8b med 25 astma &#8211; allergikere. &#8211; Jeg har desuden skrevet artiklen &#8220;Empatisk Professionalisme&#8221; i Tidsskrift for Psykoterapi nr. 3, oktober 2018 og er medforfatter til \u201dUngdom 80. Ungdom som social bev\u00e6gelse\u201d og artiklen \u201dKerneterapi\u201d i Psykoterapeuten nr. 1, 2009. <\/p>\n\n\n\n<p>Til dette kommer en r\u00e6kke kurser og efteruddannelsesforl\u00f8b bl.a. i:<\/p>\n\n\n\n<ul class=\"wp-block-list\">\n<li>Stemme, lyd og lydhealing<\/li>\n\n\n\n<li>Dr\u00f8mmetydning og dr\u00f8mmenes symboler<\/li>\n\n\n\n<li>Kerneterapi og kropsfordybelse (til organer, celler og kropsfunktioner)<\/li>\n\n\n\n<li>Kurser i Ern\u00e6ring, krop og psyke (bl.a. blodsukkerstabiliserende, stressreducerende kost og i forhold til allergier)<\/li>\n\n\n\n<li>Mandalategning og tegneterapi<\/li>\n\n\n\n<li>Fredelig konflikth\u00e5ndtering \u2013 girafsprog<\/li>\n\n\n\n<li>Kursusforl\u00f8b i D\u00f8dsbevidsthed og pleje af d\u00f8ende<\/li>\n\n\n\n<li>Kursus om Skam og psykiske lidelser<\/li>\n<\/ul>\n\n\n\n<p>Mit arbejde de sidste 35 \u00e5r har sit v\u00e6sentlige grundlag i Bob Moores undervisning og l\u00e6re i forhold til hjertets empati og visdom, energiarbejde, bevidsthedsudvikling og v\u00e6kst som menneske. Det \u00e5bner til mere gl\u00e6de, meningsfylde og frihed til at udfolde de s\u00e6rlige ressourcer og kvaliteter, hver enkelt rummer.<\/p>\n\n\n\n<h2 class=\"wp-block-heading has-medium-font-size\">Artikler<\/h2>\n\n\n\n<p>Jeg har skrevet 2 artikler: Empatisk Professionalisme. Empati og N\u00e6rv\u00e6r i arbejdet med mennesker (2018) og Kerneterapi (2009, sammen med Karen Kaae). De er begge offentliggjort i Tidsskrift for Psykoterapi.<\/p>\n\n\n\n<p>Artiklen om Empatisk Professionalisme handler om den dybe betydning af hjertekontakt i det relationelle, terapeutiske arbejde \u2013 baseret p\u00e5 Bob Moores og Jes Bertelsens undervisning, samt egne, mange\u00e5rige erfaringer.<\/p>\n\n\n\n<p>Kerneterapi handler om kroppen i det terapeutiske arbejde og fordybelse til hukommelsen og visdommen i kroppen.<\/p>\n\n\n\n<p>Klik p\u00e5 knapperne for at l\u00e6se artiklerne.<\/p>\n\n\n\n<p><\/p>\n\n\n\n<div class=\"wp-block-buttons is-layout-flex wp-block-buttons-is-layout-flex\">\n<div class=\"wp-block-button is-style-outline is-style-outline--1\"><a class=\"wp-block-button__link wp-element-button\" href=\"https:\/\/turirye.dk\/wp-content\/uploads\/2019\/08\/32-41-art-Turi-Rye-Thomsen.pdf\"><strong>Empatisk Professionalisme \u2192<\/strong><\/a><\/div>\n<\/div>\n\n\n\n<p><\/p>\n\n\n\n<div class=\"wp-block-buttons is-layout-flex wp-block-buttons-is-layout-flex\">\n<div class=\"wp-block-button is-style-outline is-style-outline--2\"><a class=\"wp-block-button__link wp-element-button\" href=\"https:\/\/turirye.dk\/wp-content\/uploads\/2019\/08\/kerneterapi_artikel.pdf\"><strong>Kerneterapi \u2192<\/strong><\/a><\/div>\n<\/div>\n","protected":false},"excerpt":{"rendered":"<p>Jeg har haft kursusvirksomhed i meditation, mindfulness og healing, samt praksis med individuel psykoterapi, healing og supervision siden 1989. Jeg er 68 \u00e5r (20.12.1955) og har tre voksne b\u00f8rn. Min baggrund Min uddannelsesm\u00e6ssige baggrund er en krops- psykoterapeutuddannelse (MPF) fra Dansk Institut for Organisk Psykoterapi (D.I.G.) 1997-2000 og en 2 \u00bd \u00e5rig massagel\u00e6reruddannelse i healingmassage [&hellip;]<\/p>\n","protected":false},"author":3,"featured_media":0,"parent":0,"menu_order":3,"comment_status":"closed","ping_status":"closed","template":"","meta":{"footnotes":""},"class_list":["post-59","page","type-page","status-publish","hentry"],"_links":{"self":[{"href":"https:\/\/turirye.dk\/index.php?rest_route=\/wp\/v2\/pages\/59","targetHints":{"allow":["GET"]}}],"collection":[{"href":"https:\/\/turirye.dk\/index.php?rest_route=\/wp\/v2\/pages"}],"about":[{"href":"https:\/\/turirye.dk\/index.php?rest_route=\/wp\/v2\/types\/page"}],"author":[{"embeddable":true,"href":"https:\/\/turirye.dk\/index.php?rest_route=\/wp\/v2\/users\/3"}],"replies":[{"embeddable":true,"href":"https:\/\/turirye.dk\/index.php?rest_route=%2Fwp%2Fv2%2Fcomments&post=59"}],"version-history":[{"count":31,"href":"https:\/\/turirye.dk\/index.php?rest_route=\/wp\/v2\/pages\/59\/revisions"}],"predecessor-version":[{"id":2782,"href":"https:\/\/turirye.dk\/index.php?rest_route=\/wp\/v2\/pages\/59\/revisions\/2782"}],"wp:attachment":[{"href":"https:\/\/turirye.dk\/index.php?rest_route=%2Fwp%2Fv2%2Fmedia&parent=59"}],"curies":[{"name":"wp","href":"https:\/\/api.w.org\/{rel}","templated":true}]}}