{"id":2887,"date":"2025-02-24T19:12:21","date_gmt":"2025-02-24T19:12:21","guid":{"rendered":"https:\/\/turirye.dk\/?page_id=2887"},"modified":"2026-02-15T21:40:04","modified_gmt":"2026-02-15T21:40:04","slug":"introduktion-til-healing","status":"publish","type":"page","link":"https:\/\/turirye.dk\/?page_id=2887","title":{"rendered":"INTRODUKTION TIL HEALING"},"content":{"rendered":"\n<p class=\"has-medium-font-size\">I 2026 tilbydes igen endagskurser med introduktion til Bob Moore healing. Bob Moore healing er en kropsligt forankret healingform, som er funderet i hjertets milde, healende energi og hviler p\u00e5 en udviklet viden om vores energisystem.<\/p>\n\n\n\n<h2 class=\"wp-block-heading has-medium-font-size\">Hvad endagskurset indeholder<\/h2>\n\n\n\n<p>Du vil f\u00e5 en indf\u00f8ring i healingfaglig viden om vigtige energipunkters og energicentres betydning for vores sundhed, livsgl\u00e6de og frihed. Der vil v\u00e6re v\u00e6gt p\u00e5 balancen mellem polariteter, is\u00e6r det kvindelige og det mandlige. &#8211; Du vil som giver og modtager l\u00e6re en enkel healing, der afbalancerer kroppen og sindet, og giver en dybere kontakt med den, du er. Healingen kan bruges til familie, venner og supplerende med andet behandlingsarbejde. &#8211; Meditation vil indg\u00e5 til at skabe indre ro, centrering og beskyttelse.<\/p>\n\n\n\n<p>Ingen foruds\u00e6tninger er n\u00f8dvendige, kun \u00e5benhed og lysten til at give healing til andre. Du vil f\u00e5 udleveret materiale med healingen og meditationer. I pausen serveres der te og et lille mellemm\u00e5ltid. Medbring selv frokost.<\/p>\n\n\n\n<p>F\u00e5r du lyst til at l\u00e6re mere healing, er det muligt at forts\u00e6tte p\u00e5 Grundforl\u00f8bet i Bob Moore Healing over to weekender. Du kan l\u00e6se mere om Grundforl\u00f8bet og om, hvad der kendetegner Bob Moore Healing ved at klikke p\u00e5 linkene nederst p\u00e5 siden.<\/p>\n\n\n\n<p class=\"has-light-gray-background-color has-background\"><strong>Datoer:<\/strong> 14. marts og 22. august 2026 ( programmet er det samme de 2 kursusdage)<br><strong>Tid:<\/strong> kl. 9.30 &#8211; 17<br><strong>Pris:<\/strong> 700 kr. pr. kursusdag<\/p>\n\n\n\n<div class=\"wp-block-group\"><div class=\"wp-block-group__inner-container is-layout-constrained wp-block-group-is-layout-constrained\">\n<div class=\"wp-block-columns is-layout-flex wp-container-core-columns-is-layout-9d6595d7 wp-block-columns-is-layout-flex\">\n<div class=\"wp-block-column is-layout-flow wp-block-column-is-layout-flow\">\n<div class=\"wp-block-columns is-layout-flex wp-container-core-columns-is-layout-9d6595d7 wp-block-columns-is-layout-flex\">\n<div class=\"wp-block-column is-layout-flow wp-block-column-is-layout-flow\" style=\"flex-basis:33.33%\"><\/div>\n\n\n\n<div class=\"wp-block-column is-layout-flow wp-block-column-is-layout-flow\" style=\"flex-basis:66.66%\">\n<figure class=\"wp-block-image size-large\"><img fetchpriority=\"high\" decoding=\"async\" width=\"1024\" height=\"1024\" src=\"https:\/\/turirye.dk\/wp-content\/uploads\/2024\/02\/turi_seerose_bl-1-1024x1024.jpg\" alt=\"\" class=\"wp-image-2389\" srcset=\"https:\/\/turirye.dk\/wp-content\/uploads\/2024\/02\/turi_seerose_bl-1-1024x1024.jpg 1024w, https:\/\/turirye.dk\/wp-content\/uploads\/2024\/02\/turi_seerose_bl-1-300x300.jpg 300w, https:\/\/turirye.dk\/wp-content\/uploads\/2024\/02\/turi_seerose_bl-1-150x150.jpg 150w, https:\/\/turirye.dk\/wp-content\/uploads\/2024\/02\/turi_seerose_bl-1-768x768.jpg 768w, https:\/\/turirye.dk\/wp-content\/uploads\/2024\/02\/turi_seerose_bl-1-624x624.jpg 624w, https:\/\/turirye.dk\/wp-content\/uploads\/2024\/02\/turi_seerose_bl-1.jpg 1080w\" sizes=\"(max-width: 1024px) 100vw, 1024px\" \/><\/figure>\n<\/div>\n<\/div>\n<\/div>\n\n\n\n<div class=\"wp-block-column is-vertically-aligned-center is-layout-flow wp-block-column-is-layout-flow\">\n<div class=\"wp-block-columns is-layout-flex wp-container-core-columns-is-layout-9d6595d7 wp-block-columns-is-layout-flex\">\n<div class=\"wp-block-column is-vertically-aligned-center is-layout-flow wp-block-column-is-layout-flow\">\n<h2 class=\"wp-block-heading\"><strong><a href=\"https:\/\/turirye.dk\/?page_id=1834\" data-type=\"page\" data-id=\"1834\">L\u00e6s mere om Bob Moore Healing \u2192<\/a><\/strong><\/h2>\n<\/div>\n\n\n\n<div class=\"wp-block-column is-layout-flow wp-block-column-is-layout-flow\"><\/div>\n<\/div>\n<\/div>\n<\/div>\n<\/div><\/div>\n\n\n\n<div class=\"wp-block-group\"><div class=\"wp-block-group__inner-container is-layout-constrained wp-block-group-is-layout-constrained\">\n<div class=\"wp-block-columns is-layout-flex wp-container-core-columns-is-layout-9d6595d7 wp-block-columns-is-layout-flex\">\n<div class=\"wp-block-column is-layout-flow wp-block-column-is-layout-flow\">\n<div class=\"wp-block-columns is-layout-flex wp-container-core-columns-is-layout-9d6595d7 wp-block-columns-is-layout-flex\">\n<div class=\"wp-block-column is-layout-flow wp-block-column-is-layout-flow\" style=\"flex-basis:33.33%\"><\/div>\n\n\n\n<div class=\"wp-block-column is-layout-flow wp-block-column-is-layout-flow\" style=\"flex-basis:66.66%\">\n<figure class=\"wp-block-image size-large\"><img decoding=\"async\" width=\"1024\" height=\"1024\" src=\"https:\/\/turirye.dk\/wp-content\/uploads\/2024\/02\/turi_seerose_green-1-1024x1024.jpg\" alt=\"\" class=\"wp-image-2359\" srcset=\"https:\/\/turirye.dk\/wp-content\/uploads\/2024\/02\/turi_seerose_green-1-1024x1024.jpg 1024w, https:\/\/turirye.dk\/wp-content\/uploads\/2024\/02\/turi_seerose_green-1-300x300.jpg 300w, https:\/\/turirye.dk\/wp-content\/uploads\/2024\/02\/turi_seerose_green-1-150x150.jpg 150w, https:\/\/turirye.dk\/wp-content\/uploads\/2024\/02\/turi_seerose_green-1-768x768.jpg 768w, https:\/\/turirye.dk\/wp-content\/uploads\/2024\/02\/turi_seerose_green-1-624x624.jpg 624w, https:\/\/turirye.dk\/wp-content\/uploads\/2024\/02\/turi_seerose_green-1.jpg 1080w\" sizes=\"(max-width: 1024px) 100vw, 1024px\" \/><\/figure>\n<\/div>\n<\/div>\n<\/div>\n\n\n\n<div class=\"wp-block-column is-vertically-aligned-center is-layout-flow wp-block-column-is-layout-flow\">\n<div class=\"wp-block-columns is-layout-flex wp-container-core-columns-is-layout-9d6595d7 wp-block-columns-is-layout-flex\">\n<div class=\"wp-block-column is-layout-flow wp-block-column-is-layout-flow\">\n<h2 class=\"wp-block-heading\"><a href=\"https:\/\/turirye.dk\/?page_id=1376\" data-type=\"page\" data-id=\"1376\"><strong>L\u00e6s mere om Grund- og Forts\u00e6tterforl\u00f8<\/strong>b i Healing<strong>\u2192<\/strong><\/a><\/h2>\n<\/div>\n\n\n\n<div class=\"wp-block-column is-layout-flow wp-block-column-is-layout-flow\"><\/div>\n<\/div>\n<\/div>\n<\/div>\n<\/div><\/div>\n","protected":false},"excerpt":{"rendered":"<p>I 2026 tilbydes igen endagskurser med introduktion til Bob Moore healing. Bob Moore healing er en kropsligt forankret healingform, som er funderet i hjertets milde, healende energi og hviler p\u00e5 en udviklet viden om vores energisystem. Hvad endagskurset indeholder Du vil f\u00e5 en indf\u00f8ring i healingfaglig viden om vigtige energipunkters og energicentres betydning for vores [&hellip;]<\/p>\n","protected":false},"author":1,"featured_media":0,"parent":0,"menu_order":0,"comment_status":"closed","ping_status":"closed","template":"","meta":{"footnotes":""},"class_list":["post-2887","page","type-page","status-publish","hentry"],"_links":{"self":[{"href":"https:\/\/turirye.dk\/index.php?rest_route=\/wp\/v2\/pages\/2887","targetHints":{"allow":["GET"]}}],"collection":[{"href":"https:\/\/turirye.dk\/index.php?rest_route=\/wp\/v2\/pages"}],"about":[{"href":"https:\/\/turirye.dk\/index.php?rest_route=\/wp\/v2\/types\/page"}],"author":[{"embeddable":true,"href":"https:\/\/turirye.dk\/index.php?rest_route=\/wp\/v2\/users\/1"}],"replies":[{"embeddable":true,"href":"https:\/\/turirye.dk\/index.php?rest_route=%2Fwp%2Fv2%2Fcomments&post=2887"}],"version-history":[{"count":39,"href":"https:\/\/turirye.dk\/index.php?rest_route=\/wp\/v2\/pages\/2887\/revisions"}],"predecessor-version":[{"id":3156,"href":"https:\/\/turirye.dk\/index.php?rest_route=\/wp\/v2\/pages\/2887\/revisions\/3156"}],"wp:attachment":[{"href":"https:\/\/turirye.dk\/index.php?rest_route=%2Fwp%2Fv2%2Fmedia&parent=2887"}],"curies":[{"name":"wp","href":"https:\/\/api.w.org\/{rel}","templated":true}]}}