{"id":2354,"date":"2024-02-26T11:11:05","date_gmt":"2024-02-26T11:11:05","guid":{"rendered":"https:\/\/turirye.dk\/?page_id=2354"},"modified":"2026-02-15T17:04:45","modified_gmt":"2026-02-15T17:04:45","slug":"retreats-2","status":"publish","type":"page","link":"https:\/\/turirye.dk\/?page_id=2354","title":{"rendered":"RETR\u00c6TER I 2026"},"content":{"rendered":"\n<p>Kursuscenter Skovriderg\u00e5rden tilbyder retr\u00e6tekurser i grupper eller individuelle ophold med tilbagetr\u00e6kning i kortere eller l\u00e6ngere tid. Det er en unik mulighed for en fordybet meditativ praksis, hvor stilheden kan indfinde sig gennem en dybere kontakt med din indre kerne af lys. Naturens sk\u00f8nhed og stilhed vil underst\u00f8tte processen, ligesom energien fra Vemmetofte Kloster i n\u00e6rheden er tilstede som en historisk b\u00f8nsdimension. Forandringsprocesser l\u00f8ftes lettere op i et h\u00f8jere bevidsthedslag.<\/p>\n\n\n\n<p>Udviklingsprocesser er en helhed, hvor kroppen er en vigtig del. Der er mulighed for at vandre og for cykelture i de smukke naturomgivelser og badning i havet n\u00e6r ved, hvor havluftens intense pranaenergi kan fylde din krop, din aura og dit sind.<\/p>\n\n\n\n<p>P\u00e5 Kursuscenter Skovriderg\u00e5rden er der i 2026 retr\u00e6tekurser i Pinsen, Sommerferien og i H\u00f8sten. Der vil v\u00e6re meditation i naturen og inde, let yoga og kreativ udfoldelse. Der er lang frokostpause til badning, g\u00e5ture og hvile.<\/p>\n\n\n<div class=\"wp-block-image\">\n<figure class=\"aligncenter size-full\"><img fetchpriority=\"high\" decoding=\"async\" width=\"1000\" height=\"609\" src=\"https:\/\/turirye.dk\/wp-content\/uploads\/2024\/05\/vemmetofte_strand-1.jpg\" alt=\"\" class=\"wp-image-2757\" srcset=\"https:\/\/turirye.dk\/wp-content\/uploads\/2024\/05\/vemmetofte_strand-1.jpg 1000w, https:\/\/turirye.dk\/wp-content\/uploads\/2024\/05\/vemmetofte_strand-1-300x183.jpg 300w, https:\/\/turirye.dk\/wp-content\/uploads\/2024\/05\/vemmetofte_strand-1-768x468.jpg 768w, https:\/\/turirye.dk\/wp-content\/uploads\/2024\/05\/vemmetofte_strand-1-624x380.jpg 624w\" sizes=\"(max-width: 1000px) 100vw, 1000px\" \/><\/figure>\n<\/div>\n\n\n<h2 class=\"wp-block-heading has-medium-font-size\" id=\"pinseretreat\" style=\"font-style:normal;font-weight:100\"><br>PINSERETR\u00c6TE<\/h2>\n\n\n\n<h2 class=\"wp-block-heading\" id=\"block-2f129292-f4e6-40c5-9788-15fd0ca64c37\">Frihed i dit udtryk og din indre sk\u00f8nhed<\/h2>\n\n\n\n<h2 class=\"wp-block-heading has-medium-font-size\" style=\"font-style:normal;font-weight:100\">22.- 24. maj 2026<\/h2>\n\n\n\n<p>Pinse er sommerlys, blomsterflor i mange farver og livs\u00e5nd, der forbinder vort indre lys med naturen og alt levende. Temaet for retr\u00e6ten er at \u00e5bne til en st\u00f8rre frihed i at udtrykke dig og dine potentialer fra et dybere sted. Udtrykket er de mange forskellige m\u00e5der, vi udfolder den, vi er: Kropsligt, kreativt og seksuelt, i ord og stemme, i lytten og gennem hjertet. Vores udtryk afspejler noget unikt i os hver is\u00e6r, men er formet gennem opv\u00e6kstens forventninger, disciplineringer, (u)friheder og kreativitet (eller mangel p\u00e5 samme).<\/p>\n\n\n\n<p>Vi vil arbejde med udtrykket og stemmen, kroppen og halschakraet i naturen og i meditation, gennem lydsang, samtale, skrivning og billedudtryk. Fordybelse og lytten i stilhed kan \u00e5bne til mere frihed i dit udtryk fra lyset indeni og i udfoldelsen af dine spirituelle kvaliteter.<\/p>\n\n\n\n<p>L\u00f8rdag er der lang frokostpause til g\u00e5tur, badning og hvile. P\u00e5 kursuscenteret er der overnatningsmulighed, og du kan lave mad i k\u00f8kkenet sammen med de andre kursister. Der bliver serveret te, kaffe, frugt og mellemm\u00e5ltider.<\/p>\n\n\n\n<p class=\"has-light-gray-background-color has-background\"><strong>Tid:<\/strong> Fredag kl. 17 &#8211; 20, l\u00f8rdag kl. 9.30 &#8211; 18.30 og s\u00f8ndag kl. 9.30 &#8211; 16.<br><strong>Dato:<\/strong> 22. &#8211; 24. maj 2026<br><strong>Pris:<\/strong> 2500 kr. (depositum 500 kr.)<\/p>\n\n\n\n<h1 class=\"wp-block-heading has-medium-font-size\" id=\"sommerretreat\" style=\"font-style:normal;font-weight:100\"><br>SOMMERRETR\u00c6TE<\/h1>\n\n\n\n<h2 class=\"wp-block-heading has-medium-font-size\" id=\"block-3c7402c7-eac1-4a03-a920-85e4ddf16d65\"><strong>F<\/strong>rihed og fordybelse<\/h2>\n\n\n\n<h2 class=\"wp-block-heading has-medium-font-size\" id=\"block-1d421552-beab-4020-89c1-2fc422200025\" style=\"font-style:normal;font-weight:100\">6.- 9. august 2026<\/h2>\n\n\n\n<p id=\"block-a458fea5-71da-4ff5-bb37-daf8022c3fe5\">4 dage i ro, fordybelse og smuk natur ved skov og strand. Temaet er frihed. Frihed i tanker og sind. Frihed til at v\u00e6re dig, som du er. Til at prioritere det, der er v\u00e6rdifuldt for dig. Frihed i hjertets mildhed og ro. Lad friheden styrkes p\u00e5 sommerretreaten.<\/p>\n\n\n\n<p id=\"block-d8f29005-6606-4921-8eef-0c57b55e7111\">Dagene vil udfolde sig med meditation, krop og yoga, natur og kreative aktiviteter. Det \u00e5bner dit indre for at fort\u00e6lle, hvad du har p\u00e5 hjerte i dit liv nu.<\/p>\n\n\n\n<h2 class=\"wp-block-heading\" id=\"block-7f9d3df6-3d16-47db-a281-6565bd1ea716\">Dagsrytme<\/h2>\n\n\n\n<p id=\"block-19e292d0-7df3-4a18-9967-150118799fce\">09.30 &#8211; 10.00: Yoga og krop udenfor<br>10.00 &#8211; 13.00:&nbsp; Meditation og udviklingsarbejde<br>13.00 &#8211; 16.00:&nbsp; Frokost, badning, g\u00e5ture, hvile<br>16.00 &#8211; 18.30: Meditation og kreativt arbejde<br>18.30: Aftensmad og fri<\/p>\n\n\n\n<p id=\"block-fa903a11-65b0-49dd-9873-5a4eab90bfe5\">Der er overnatningsmulighed i delt dobbeltv\u00e6relse. Jeg s\u00f8rger for mellemm\u00e5ltider. \u00d8vrige m\u00e5ltider st\u00e5r man selv for med&nbsp;madlavningsmulighed i k\u00f8kkenet.<\/p>\n\n\n\n<p class=\"has-light-gray-background-color has-background\" id=\"block-d6f299b1-1280-4bef-85c7-c7e4335ffb31\"><strong>Dato:<\/strong> 6. &#8211; 9. august 2026<br><strong>Pris:<\/strong> 3700 kr. (depositum 500 kr.)<\/p>\n\n\n\n<h1 class=\"wp-block-heading has-medium-font-size\" id=\"hoestretreat\" style=\"font-style:normal;font-weight:100\"><br>H\u00d8STRETR\u00c6TE<\/h1>\n\n\n\n<h2 class=\"wp-block-heading has-medium-font-size\">At h\u00f8ste og v\u00e6rds\u00e6tte de indre gaver<\/h2>\n\n\n\n<h2 class=\"wp-block-heading\" style=\"font-style:normal;font-weight:100\">2.- 4. oktober 2026<\/h2>\n\n\n\n<p>Efter\u00e5ret er forvandlingstid og farvernes skiften. Det er h\u00f8st af sommerens frugtbarhedsgaver i det ydre og indeni. Efter\u00e5ret er tid til eftertanke og en stille lytten indad. Hvorn\u00e5r har du sidst v\u00e6ret i samtale med dit indre om dine behov, v\u00e6rdier og retningen i dit liv? Hvordan har dine v\u00e6rdier betydning i dit liv i det store og sm\u00e5, i prioriteringer og relationer? Meditativ lytten og v\u00e6rds\u00e6ttelse af dine indre gaver kan \u00e5bne nye muligheder for at udfolde dig og dine spirituelle kvaliteter i hverdagens liv.<\/p>\n\n\n\n<p>Weekenden vil veksle mellem meditation i naturen og anden meditativ fordybelse, krop, sang og kreativt billedudtryk.  &#8211; Der vil v\u00e6re lang frokostpause l\u00f8rdag til g\u00e5tur, badning og hvile.  I pauserne bliver der serveret te, kaffe, frugt og mellemm\u00e5ltider. P\u00e5 kursuscenteret er der mulighed for overnatning og at lave egen mad i k\u00f8kkenet sammen med de andre kursister.<\/p>\n\n\n\n<p class=\"has-light-gray-background-color has-background\"><strong>Tid:<\/strong> Fredag kl. 17 &#8211; 20, l\u00f8rdag kl. 9.30 &#8211; 18.30 og s\u00f8ndag kl. 9.30 &#8211; 16<br><strong>Dato:<\/strong> 2. &#8211; 4. oktober 2026<br><strong>Pris:<\/strong> 2500 kr. (depositum 500 kr.)<\/p>\n\n\n\n<h1 class=\"wp-block-heading has-medium-font-size\" id=\"individuel-retreat\" style=\"font-style:normal;font-weight:100\"><br>INDIVIDUEL RETR\u00c6TE<\/h1>\n\n\n\n<p id=\"block-2179ed55-fd57-49bc-a0af-1bc43679a8d8\">Kursuscenter Skovriderg\u00e5rden tilbyder retr\u00e6teophold for en eller flere i en kortere eller l\u00e6ngere periode af tilbagetr\u00e6kning, ro, meditativ fordybelse og regenerering. Naturens intense stilhed og Vemmetofte Kloster n\u00e6r ved giver en s\u00e6rlig, \u00e5bnende energi, der believer krop og sj\u00e6l i en fordybelse af processen.&nbsp;<\/p>\n\n\n\n<p id=\"block-c26ce6d3-f482-45b1-97dd-68ded97372f4\">Du kan anvende retr\u00e6ten til meditation og fordybelse, stilhed og b\u00f8n i en selvudviklingsproces, der kan \u00e5bne dybere til hjertets visdom og lyset indeni, kombineret med g\u00e5- og cykelture i naturen og badning fra stranden. Eller m\u00e5ske har du f\u00f8rst og fremmest brug for ro, rekreation og genopladning af krop og sind i de smukke naturomgivelser og stilheden.<\/p>\n\n\n\n<p id=\"block-c26ce6d3-f482-45b1-97dd-68ded97372f4\">Der vil v\u00e6re mulighed for at bestille en personlig samtale med psyko-spirituel vejledning og healing som del af retr\u00e6teprocessen. Erfaringsvis kan en samtale- og healingsession p\u00e5 f\u00f8rstedagen og igen p\u00e5 tredje- eller fjerdedagen v\u00e6re underst\u00f8ttende, healende og udviklende for processen. Men andet kan passe bedre til din proces.<\/p>\n\n\n\n<p>Det er muligt at bestille en eller flere kursusdage ud fra jeres behov og \u00f8nsker, hvis I er to eller flere,  f.eks i forhold til meditation ude og inde, healing, lydsang mm.<\/p>\n\n\n\n<p class=\"has-light-gray-background-color has-background\" id=\"block-c26ce6d3-f482-45b1-97dd-68ded97372f4\"><strong>Overnatning :<\/strong> 300 kr. pr. d\u00f8gn i enkeltv\u00e6relse og 1900 kr. for en uge. &#8211; 200 kr. pro person i delt dobbeltv\u00e6relse og 1200 kr. for en uge pro person ( bad og tek\u00f8kken)<br><strong>Vejledning og healing<\/strong> : 1000 kr. pr. session<br><strong>Kursusdag<\/strong> (10-16) : 700 kr. pro person pr. dag<\/p>\n\n\n\n<p><\/p>\n","protected":false},"excerpt":{"rendered":"<p>Kursuscenter Skovriderg\u00e5rden tilbyder retr\u00e6tekurser i grupper eller individuelle ophold med tilbagetr\u00e6kning i kortere eller l\u00e6ngere tid. Det er en unik mulighed for en fordybet meditativ praksis, hvor stilheden kan indfinde sig gennem en dybere kontakt med din indre kerne af lys. Naturens sk\u00f8nhed og stilhed vil underst\u00f8tte processen, ligesom energien fra Vemmetofte Kloster i n\u00e6rheden [&hellip;]<\/p>\n","protected":false},"author":1,"featured_media":0,"parent":0,"menu_order":0,"comment_status":"closed","ping_status":"closed","template":"","meta":{"footnotes":""},"class_list":["post-2354","page","type-page","status-publish","hentry"],"_links":{"self":[{"href":"https:\/\/turirye.dk\/index.php?rest_route=\/wp\/v2\/pages\/2354","targetHints":{"allow":["GET"]}}],"collection":[{"href":"https:\/\/turirye.dk\/index.php?rest_route=\/wp\/v2\/pages"}],"about":[{"href":"https:\/\/turirye.dk\/index.php?rest_route=\/wp\/v2\/types\/page"}],"author":[{"embeddable":true,"href":"https:\/\/turirye.dk\/index.php?rest_route=\/wp\/v2\/users\/1"}],"replies":[{"embeddable":true,"href":"https:\/\/turirye.dk\/index.php?rest_route=%2Fwp%2Fv2%2Fcomments&post=2354"}],"version-history":[{"count":76,"href":"https:\/\/turirye.dk\/index.php?rest_route=\/wp\/v2\/pages\/2354\/revisions"}],"predecessor-version":[{"id":3144,"href":"https:\/\/turirye.dk\/index.php?rest_route=\/wp\/v2\/pages\/2354\/revisions\/3144"}],"wp:attachment":[{"href":"https:\/\/turirye.dk\/index.php?rest_route=%2Fwp%2Fv2%2Fmedia&parent=2354"}],"curies":[{"name":"wp","href":"https:\/\/api.w.org\/{rel}","templated":true}]}}