{"id":227,"date":"2013-11-23T13:03:43","date_gmt":"2013-11-23T13:03:43","guid":{"rendered":"http:\/\/turirye.dk\/?page_id=227"},"modified":"2026-02-14T18:05:43","modified_gmt":"2026-02-14T18:05:43","slug":"healingkurser","status":"publish","type":"page","link":"https:\/\/turirye.dk\/?page_id=227","title":{"rendered":"HEALING"},"content":{"rendered":"\n<p>P\u00e5 Kursuscenter Skovriderg\u00e5rden tilbydes Grundforl\u00f8b og Forts\u00e6tterforl\u00f8b i Bob Moore Healing, begge over 2 weekender, og en 3-\u00e5rig Healinguddannelse, som videreudvikler og bygger ovenp\u00e5 Grund- og Forts\u00e6tterforl\u00f8bene. Bob Moore Healing er kropsligt konkret,\u00a0afbalancerende i krop, psyke og aura og funderet i hjertets milde, healende kraft. Du vil l\u00e6re siddende og liggende grundhealinger og\u00a0 vigtige energipunkter, energistr\u00f8mme og mere om chakraerne i vores energisystem. Healingerne kan bruges til familie og venner, eller supplerende sammen med andre kropsterapeutiske, psykologiske og sundhedsfaglige behandlingsformer. &#8211; For\u00e5r og efter\u00e5r 2026 er der desuden endagskurser med Introduktion til Bob Moore Healing.<br><br><\/p>\n\n\n\n<div class=\"wp-block-buttons is-layout-flex wp-block-buttons-is-layout-flex\">\n<div class=\"wp-block-button is-style-outline is-style-outline--1\"><a class=\"wp-block-button__link wp-element-button\" href=\"https:\/\/turirye.dk\/?page_id=2887\"><strong>INTRODUKTION TIL HEALING \u2192<\/strong><\/a><\/div>\n<\/div>\n\n\n\n<div style=\"height:14px\" aria-hidden=\"true\" class=\"wp-block-spacer\"><\/div>\n\n\n\n<div class=\"wp-block-buttons is-layout-flex wp-block-buttons-is-layout-flex\">\n<div class=\"wp-block-button is-style-outline is-style-outline--2\"><a class=\"wp-block-button__link wp-element-button\" href=\"https:\/\/turirye.dk\/?page_id=1376\"><strong>GRUNDFORL\u00d8B<\/strong> <strong>I<\/strong> <strong>HEALING<\/strong> \u2192<\/a><\/div>\n<\/div>\n\n\n\n<div style=\"height:14px\" aria-hidden=\"true\" class=\"wp-block-spacer\"><\/div>\n\n\n\n<div class=\"wp-block-buttons is-layout-flex wp-block-buttons-is-layout-flex\">\n<div class=\"wp-block-button is-style-outline is-style-outline--3\"><a class=\"wp-block-button__link wp-element-button\" href=\"https:\/\/turirye.dk\/?page_id=2222\"><strong>HEALINGUDDANNELSE<\/strong> \u2192<\/a><\/div>\n<\/div>\n\n\n\n<div style=\"height:14px\" aria-hidden=\"true\" class=\"wp-block-spacer\"><\/div>\n\n\n\n<div class=\"wp-block-buttons is-layout-flex wp-block-buttons-is-layout-flex\">\n<div class=\"wp-block-button is-style-outline is-style-outline--4\"><a class=\"wp-block-button__link wp-element-button\" href=\"https:\/\/turirye.dk\/?page_id=1834\"><strong>L\u00e6s mere om Bob Moore Healing<\/strong> \u2192<\/a><\/div>\n<\/div>\n","protected":false},"excerpt":{"rendered":"<p>P\u00e5 Kursuscenter Skovriderg\u00e5rden tilbydes Grundforl\u00f8b og Forts\u00e6tterforl\u00f8b i Bob Moore Healing, begge over 2 weekender, og en 3-\u00e5rig Healinguddannelse, som videreudvikler og bygger ovenp\u00e5 Grund- og Forts\u00e6tterforl\u00f8bene. Bob Moore Healing er kropsligt konkret,\u00a0afbalancerende i krop, psyke og aura og funderet i hjertets milde, healende kraft. Du vil l\u00e6re siddende og liggende grundhealinger og\u00a0 vigtige energipunkter, [&hellip;]<\/p>\n","protected":false},"author":4,"featured_media":0,"parent":211,"menu_order":4,"comment_status":"closed","ping_status":"open","template":"","meta":{"footnotes":""},"class_list":["post-227","page","type-page","status-publish","hentry"],"_links":{"self":[{"href":"https:\/\/turirye.dk\/index.php?rest_route=\/wp\/v2\/pages\/227","targetHints":{"allow":["GET"]}}],"collection":[{"href":"https:\/\/turirye.dk\/index.php?rest_route=\/wp\/v2\/pages"}],"about":[{"href":"https:\/\/turirye.dk\/index.php?rest_route=\/wp\/v2\/types\/page"}],"author":[{"embeddable":true,"href":"https:\/\/turirye.dk\/index.php?rest_route=\/wp\/v2\/users\/4"}],"replies":[{"embeddable":true,"href":"https:\/\/turirye.dk\/index.php?rest_route=%2Fwp%2Fv2%2Fcomments&post=227"}],"version-history":[{"count":28,"href":"https:\/\/turirye.dk\/index.php?rest_route=\/wp\/v2\/pages\/227\/revisions"}],"predecessor-version":[{"id":3131,"href":"https:\/\/turirye.dk\/index.php?rest_route=\/wp\/v2\/pages\/227\/revisions\/3131"}],"up":[{"embeddable":true,"href":"https:\/\/turirye.dk\/index.php?rest_route=\/wp\/v2\/pages\/211"}],"wp:attachment":[{"href":"https:\/\/turirye.dk\/index.php?rest_route=%2Fwp%2Fv2%2Fmedia&parent=227"}],"curies":[{"name":"wp","href":"https:\/\/api.w.org\/{rel}","templated":true}]}}