{"id":211,"date":"2013-11-23T11:46:04","date_gmt":"2013-11-23T11:46:04","guid":{"rendered":"http:\/\/turirye.dk\/?page_id=211"},"modified":"2026-02-10T21:21:56","modified_gmt":"2026-02-10T21:21:56","slug":"kurser-2","status":"publish","type":"page","link":"https:\/\/turirye.dk\/?page_id=211","title":{"rendered":"KURSER"},"content":{"rendered":"\n<h2 class=\"wp-block-heading\">Meditationskurser<\/h2>\n\n\n\n<p>I \u00c5rsprogrammet for 2026 tilbyder Kursuscenter Skovriderg\u00e5rden forskellige meditationskurser, der har udgangspunkt\u00a0 i Bob Moores meditationer og selv- udvikling. Der tilbydes meditationsgrupper, fysisk eller online, og kursusforl\u00f8bene \u00c5rstidens Cyklus og Eksistentielle Livstemaer.<\/p>\n\n\n\n<div class=\"wp-block-buttons is-layout-flex wp-block-buttons-is-layout-flex\">\n<div class=\"wp-block-button is-style-outline is-style-outline--1\"><a class=\"wp-block-button__link wp-element-button\" href=\"https:\/\/turirye.dk\/?page_id=1357\"><strong>MEDITATIONSGRUPPER<\/strong> <strong>\u2192<\/strong><\/a><\/div>\n<\/div>\n\n\n\n<p><\/p>\n\n\n\n<div class=\"wp-block-buttons is-layout-flex wp-block-buttons-is-layout-flex\">\n<div class=\"wp-block-button is-style-outline is-style-outline--2\"><a class=\"wp-block-button__link wp-element-button\" href=\"https:\/\/turirye.dk\/?page_id=1441\"><strong>EKSISTENTIELLE LIVSTEMAER \u2192<\/strong><\/a><\/div>\n<\/div>\n\n\n\n<p><\/p>\n\n\n\n<div class=\"wp-block-buttons is-layout-flex wp-block-buttons-is-layout-flex\"><\/div>\n\n\n\n<div class=\"wp-block-buttons is-layout-flex wp-block-buttons-is-layout-flex\">\n<div class=\"wp-block-button is-style-outline is-style-outline--3\"><a class=\"wp-block-button__link wp-element-button\" href=\"https:\/\/turirye.dk\/?page_id=1431\"><strong>\u00c5RSTIDERNES CYKLUS \u2192<\/strong><\/a><\/div>\n<\/div>\n\n\n\n<h2 class=\"wp-block-heading\">Healingkurser<\/h2>\n\n\n\n<p>Med basis i Bob Moores krops- og hjertefunderede, milde healingform baseret p\u00e5 et detaljeret vidensgrundlag om menneskets energim\u00e6ssige anatomi tilbydes et Grundforl\u00f8b i Healing og en 3 &#8211; \u00e5rig Healing Uddannelse.<\/p>\n\n\n\n<div class=\"wp-block-buttons is-layout-flex wp-block-buttons-is-layout-flex\">\n<div class=\"wp-block-button is-style-outline is-style-outline--4\"><a class=\"wp-block-button__link wp-element-button\" href=\"https:\/\/turirye.dk\/?page_id=1376\"> <strong>GRUNDFORL\u00d8B I HEALING  \u2192<\/strong><\/a><\/div>\n<\/div>\n\n\n\n<p><\/p>\n\n\n\n<div class=\"wp-block-buttons is-layout-flex wp-block-buttons-is-layout-flex\">\n<div class=\"wp-block-button is-style-outline is-style-outline--5\"><a class=\"wp-block-button__link wp-element-button\" href=\"https:\/\/turirye.dk\/?page_id=2222\"><strong>HEALINGUDDANNELSE \u2192<\/strong><\/a><\/div>\n<\/div>\n\n\n\n<h2 class=\"wp-block-heading\">Retreats<\/h2>\n\n\n\n<p>P\u00e5 Kursuscenter Skovriderg\u00e5rden afholdes retreats i den smukke natur med skov og strand. Det giver rig mulighed for indre ro, meditativ fordybelse og ny inspiration. Der tilbydes et Pinseretreat, et Sommerretreat og et H\u00f8stretreat, samt mulighed for kortere eller l\u00e6ngere, individuelle retreats med&nbsp; tilbagetr\u00e6kning, stilhed og fordybelse.<\/p>\n\n\n\n<div class=\"wp-block-buttons is-layout-flex wp-block-buttons-is-layout-flex\">\n<div class=\"wp-block-button is-style-outline is-style-outline--6\"><a class=\"wp-block-button__link wp-element-button\" href=\"https:\/\/turirye.dk\/?page_id=2354#retreats-pinseretreat\"><strong>PINSERETREAT \u2192<\/strong><\/a><\/div>\n<\/div>\n\n\n\n<p><\/p>\n\n\n\n<div class=\"wp-block-buttons is-layout-flex wp-block-buttons-is-layout-flex\">\n<div class=\"wp-block-button is-style-outline is-style-outline--7\"><a class=\"wp-block-button__link wp-element-button\" href=\"https:\/\/turirye.dk\/?page_id=2354#retreats-sommerretreat\"><strong>SOMMERRETREAT \u2192<\/strong><\/a><\/div>\n<\/div>\n\n\n\n<p><\/p>\n\n\n\n<div class=\"wp-block-buttons is-layout-flex wp-block-buttons-is-layout-flex\">\n<div class=\"wp-block-button is-style-outline is-style-outline--8\"><a class=\"wp-block-button__link wp-element-button\" href=\"https:\/\/turirye.dk\/?page_id=2354#retreats-hoestretreat\"><strong>H\u00d8STRETREAT <\/strong>\u2192<\/a><\/div>\n<\/div>\n\n\n\n<p><\/p>\n\n\n\n<div class=\"wp-block-buttons is-layout-flex wp-block-buttons-is-layout-flex\">\n<div class=\"wp-block-button is-style-outline is-style-outline--9\"><a class=\"wp-block-button__link wp-element-button\" href=\"https:\/\/turirye.dk\/?page_id=2354#retreats-individuel-retreat\"><strong>INDIVIDUEL RETREAT \u2192<\/strong><\/a><\/div>\n<\/div>\n\n\n\n<h2 class=\"wp-block-heading\"><strong>Krop og Meditation<\/strong><\/h2>\n\n\n\n<p>Skovriderg\u00e5rden vil have skiftende kurser, foredrag og temadage om krop, sundhed og meditativ bev\u00e6gelse. I for\u00e5ret 2025 tilbydes Senior Yoga og Meditation med Leif Thomsen og Qigong med Maria Diekmann. Senere tilbydes et kursus i Stressafbalancerende, Blodsukkerstabiliserende Kost med Grethe Lous.<\/p>\n\n\n\n<div class=\"wp-block-buttons is-layout-flex wp-block-buttons-is-layout-flex\">\n<div class=\"wp-block-button is-style-outline is-style-outline--10\"><a class=\"wp-block-button__link wp-element-button\" href=\"https:\/\/turirye.dk\/?page_id=1451\"><strong>SENIOR YOGA OG MEDITATION \u2192<\/strong><\/a><\/div>\n<\/div>\n\n\n\n<p><\/p>\n\n\n\n<div class=\"wp-block-buttons is-layout-flex wp-block-buttons-is-layout-flex\">\n<div class=\"wp-block-button is-style-outline is-style-outline--11\"><a class=\"wp-block-button__link wp-element-button\" href=\"https:\/\/turirye.dk\/?page_id=1449\"><strong>QIGONG \u2192<\/strong><\/a><\/div>\n<\/div>\n\n\n\n<div class=\"wp-block-buttons is-layout-flex wp-block-buttons-is-layout-flex\"><\/div>\n\n\n\n<p><\/p>\n","protected":false},"excerpt":{"rendered":"<p>Meditationskurser I \u00c5rsprogrammet for 2026 tilbyder Kursuscenter Skovriderg\u00e5rden forskellige meditationskurser, der har udgangspunkt\u00a0 i Bob Moores meditationer og selv- udvikling. Der tilbydes meditationsgrupper, fysisk eller online, og kursusforl\u00f8bene \u00c5rstidens Cyklus og Eksistentielle Livstemaer. Healingkurser Med basis i Bob Moores krops- og hjertefunderede, milde healingform baseret p\u00e5 et detaljeret vidensgrundlag om menneskets energim\u00e6ssige anatomi tilbydes et [&hellip;]<\/p>\n","protected":false},"author":4,"featured_media":0,"parent":0,"menu_order":0,"comment_status":"closed","ping_status":"open","template":"","meta":{"footnotes":""},"class_list":["post-211","page","type-page","status-publish","hentry"],"_links":{"self":[{"href":"https:\/\/turirye.dk\/index.php?rest_route=\/wp\/v2\/pages\/211","targetHints":{"allow":["GET"]}}],"collection":[{"href":"https:\/\/turirye.dk\/index.php?rest_route=\/wp\/v2\/pages"}],"about":[{"href":"https:\/\/turirye.dk\/index.php?rest_route=\/wp\/v2\/types\/page"}],"author":[{"embeddable":true,"href":"https:\/\/turirye.dk\/index.php?rest_route=\/wp\/v2\/users\/4"}],"replies":[{"embeddable":true,"href":"https:\/\/turirye.dk\/index.php?rest_route=%2Fwp%2Fv2%2Fcomments&post=211"}],"version-history":[{"count":23,"href":"https:\/\/turirye.dk\/index.php?rest_route=\/wp\/v2\/pages\/211\/revisions"}],"predecessor-version":[{"id":2994,"href":"https:\/\/turirye.dk\/index.php?rest_route=\/wp\/v2\/pages\/211\/revisions\/2994"}],"wp:attachment":[{"href":"https:\/\/turirye.dk\/index.php?rest_route=%2Fwp%2Fv2%2Fmedia&parent=211"}],"curies":[{"name":"wp","href":"https:\/\/api.w.org\/{rel}","templated":true}]}}