{"id":1834,"date":"2024-02-15T14:01:03","date_gmt":"2024-02-15T14:01:03","guid":{"rendered":"https:\/\/turirye.dk\/?page_id=1834"},"modified":"2024-03-07T19:33:01","modified_gmt":"2024-03-07T19:33:01","slug":"bob-moore-healing","status":"publish","type":"page","link":"https:\/\/turirye.dk\/?page_id=1834","title":{"rendered":"BOB MOORE HEALING"},"content":{"rendered":"\n<div class=\"wp-block-columns is-layout-flex wp-container-core-columns-is-layout-9d6595d7 wp-block-columns-is-layout-flex\">\n<div class=\"wp-block-column is-layout-flow wp-block-column-is-layout-flow\" style=\"flex-basis:25%\"><\/div>\n\n\n\n<div class=\"wp-block-column is-layout-flow wp-block-column-is-layout-flow\" style=\"flex-basis:50%\">\n<p class=\"has-medium-font-size\"><br>&#8220;Healing er k\u00e6rlighed, der f\u00f8lger naturlige love og bliver kanaliseret gennem sensitive mennesker&#8221; (Bob Moore)<br><\/p>\n<\/div>\n\n\n\n<div class=\"wp-block-column is-layout-flow wp-block-column-is-layout-flow\" style=\"flex-basis:25%\"><\/div>\n<\/div>\n\n\n\n<h2 class=\"wp-block-heading has-medium-font-size\">Introduktion til healing fra Bob Moore <\/h2>\n\n\n\n<p>P\u00e5 kursuscenter Skovriderg\u00e5rden arbejder vi med healing fra Bob Moore. Der er mange former for healing og mange m\u00e5der at give healing til andre og sig selv. Healing betyder at skabe helbredelse, hvor der er ubalance, smerter eller lidelse i krop eller sind. Healing er at hj\u00e6lpe andre til balance, integritet og dybere kontakt med dem selv, hvor naturlige, selvhealende kr\u00e6fter kan tage over.<\/p>\n\n\n\n<h2 class=\"wp-block-heading has-medium-font-size\">Detaljeret forst\u00e5else af menneskets energianatomi<\/h2>\n\n\n\n<p>Kendetegnende for Bob Moores forst\u00e5else af arbejdet med healing er dels en konkret, dybtg\u00e5ende viden om menneskets energisystem og om, hvordan energi kan arbejde healende for et andet menneske. Dels en dyb forst\u00e5else af den store, healende betydning, hjertets energi har i relationer og healingarbejde.<\/p>\n\n\n\n<p>Bob Moores detaljerede, pr\u00e6cise viden om det menneskelige energisystem ud fra hans fine sansning af subtil energi giver os et udf\u00f8rligt, bevidst, fagligt grundlag i arbejdet med de utallige energipunkter og energistr\u00f8mme, vort energisystem best\u00e5r af. Det g\u00f8r energiarbejdet med kroppen, det \u00e6teriske energifelt og psyken&nbsp; mere pr\u00e6cis og dybtvirkende, s\u00e5&nbsp; healingen bedst muligt kan v\u00e6re det, personen har brug for i sin proces.<\/p>\n\n\n\n<h2 class=\"wp-block-heading has-medium-font-size\">Polaritetsarbejde i healing<\/h2>\n\n\n\n<p>Et eksempel p\u00e5 Bob Moores udviklede viden er i forhold til energetiske polaritetspunkter og de to psykiske polaritetsstr\u00f8mme, der har stor betydning for balancen i krop og sind mellem den kvindelige, modtagende, f\u00f8lsomme, intuitive side af os og den mandlige, udtrykkende, handlende, kraftfulde side i mennesker.<br>Mange ubalancer, sygdom og lidelse h\u00e6nger sammen med manglende balance i, hvordan vi bruger disse kvalitetsaspekter i vort arbejdsliv, i vores relationer til andre og til os selv. N\u00e5r der er naturlig balance, er det kvindelige og det mandlige som yin og yang,&nbsp; der ligev\u00e6rdigt underst\u00f8tter og komplementerer hinanden i skabelse og udfoldelse af livet. Ubalancer i polariteter er knyttet&nbsp; til emotionelle m\u00f8nstre af fx frygt, skyld og mindrev\u00e6rd, hvor vi tidligt har l\u00e6rt at lukke af&nbsp; for, lave om p\u00e5 eller helt fortr\u00e6nge vigtige sider af os selv for at f\u00e5 accept og k\u00e6rlighed. Det kan f\u00f8re til sygdomsskabende ubalancer i krop og sind.<\/p>\n\n\n\n<h2 class=\"wp-block-heading has-medium-font-size\">En udviklet chakraforst\u00e5else&nbsp;<\/h2>\n\n\n\n<p>Bob Moores undervisning i chakrasystemet var tilsvarende detaljeret og forfinet i forhold til de enkelte chakraers funktion, indbyrdes forbundethed og betydning for kroppens og energisystemets sundhed, s\u00e5vel som chakraernes psykiske potentialer og udviklingsaspekter. Hvert chakras kvalitetsaspekt kan udfoldes og udvikles, n\u00e5r chakraet er i&nbsp; balance. Til hvert chakra h\u00f8rer ogs\u00e5 et emotionelt problem- og udviklingsaspekt, der hindrer energicenterets frie udfoldelse. De 7 chakraers kvalitets- og problemaspekter er:<\/p>\n\n\n\n<ul class=\"wp-block-list\">\n<li>Rodchakraet: Succes &#8211; og Frygten for Fiasko<\/li>\n\n\n\n<li>Harachakraet: Ro\/indre fred &#8211; og Vrede<\/li>\n\n\n\n<li>Solarplexus: K\u00e6rlighed &#8211; og Frygt\/Angst<\/li>\n\n\n\n<li>Hjertechakraet: Gl\u00e6de &#8211; og Sorg, Selvmedlidenhed<\/li>\n\n\n\n<li>Halschakraet: Frihed &#8211; og (Selv)Undertrykkelse<\/li>\n\n\n\n<li>Pineal\/pandechakraet: Klarhed\/Lethed &#8211; og Forvirring\/Tunghed<\/li>\n\n\n\n<li>Kronechakraet: Klarhed\/Lethed &#8211; og Forvirring\/Tunghed<\/li>\n<\/ul>\n\n\n\n<p>At skabe frihed og balance i hvert chakra og det livsomr\u00e5de, det vedr\u00f8rer, er en v\u00e6sentlig del af vort udviklingsarbejde som menneske. Jo bedre balance, jo mere kan vi \u00e5bne til de potentialer og spirituelle kvaliteter, vi har&nbsp; med os, fx hjertepotentialet for healing til andre, og et klarhedspotentiale for k\u00e6rligt at se dybere og sanse et andet menneskes potentialer og behov.<\/p>\n\n\n\n<h2 class=\"wp-block-heading has-medium-font-size\">Hjerteenergiens healende potentiale<\/h2>\n\n\n\n<p>Bob Moore lagde stor v\u00e6gt p\u00e5 betydningen af vores kontakt med hjertechakraets kvaliteter af k\u00e6rlighed, mildhed, medf\u00f8lelse, \u00e5benhed, omsorg, forst\u00e5else, accept og respekt. Har vi kontakt med hjertet, giver det st\u00f8rre mildhed, \u00e5benhed og accept i arbejdet med andre. Det skaber tryghed, ro og \u00e5bner for tillid. Der kan komme en \u00e5bnende mildhed i kontakten og atmosf\u00e6ren, som kan heale gamle s\u00e5r gennem oplevelsen af at f\u00f8le sig lyttet til og m\u00f8dt med k\u00e6rlighed.<\/p>\n\n\n\n<p>Kontakten med hjertet er af afg\u00f8rende betydning for kvaliteten af den healing, vi kan v\u00e6re kanal for i forskellige former for healingarbejde, gennem stemmen, n\u00e6rv\u00e6ret og vores auraudstr\u00e5ling, og gennem h\u00e6nderne som hjertets forl\u00e6ngelse. Vores hjertekontakt er v\u00e6sentlig for, hvor meget personen \u00e5bner sig for healing af de bagvedliggende \u00e5rsager til ubalancer, fysisk, psykisk og spirituelt. Jo dybere kontakt, vi som healere har med vores hjerte og indre kerne, jo mere healende lys kan vi v\u00e6re kanal for. Jo dybere healing kan der finde sted.<\/p>\n\n\n\n<div class=\"wp-block-buttons is-layout-flex wp-block-buttons-is-layout-flex\">\n<div class=\"wp-block-button is-style-outline is-style-outline--1\"><a class=\"wp-block-button__link wp-element-button\" href=\"https:\/\/turirye.dk\/?page_id=1376\"><strong>GRUNDFORL\u00d8B I HEALING \u2192<\/strong><\/a><\/div>\n<\/div>\n\n\n\n<p><\/p>\n\n\n\n<div class=\"wp-block-buttons is-layout-flex wp-block-buttons-is-layout-flex\">\n<div class=\"wp-block-button is-style-outline is-style-outline--2\"><a class=\"wp-block-button__link wp-element-button\" href=\"https:\/\/turirye.dk\/?page_id=2222\"><strong>HEALINGUDDANNELSE \u2192<\/strong><\/a><\/div>\n<\/div>\n","protected":false},"excerpt":{"rendered":"<p>&#8220;Healing er k\u00e6rlighed, der f\u00f8lger naturlige love og bliver kanaliseret gennem sensitive mennesker&#8221; (Bob Moore) Introduktion til healing fra Bob Moore P\u00e5 kursuscenter Skovriderg\u00e5rden arbejder vi med healing fra Bob Moore. Der er mange former for healing og mange m\u00e5der at give healing til andre og sig selv. Healing betyder at skabe helbredelse, hvor der [&hellip;]<\/p>\n","protected":false},"author":1,"featured_media":0,"parent":0,"menu_order":0,"comment_status":"closed","ping_status":"closed","template":"","meta":{"footnotes":""},"class_list":["post-1834","page","type-page","status-publish","hentry"],"_links":{"self":[{"href":"https:\/\/turirye.dk\/index.php?rest_route=\/wp\/v2\/pages\/1834","targetHints":{"allow":["GET"]}}],"collection":[{"href":"https:\/\/turirye.dk\/index.php?rest_route=\/wp\/v2\/pages"}],"about":[{"href":"https:\/\/turirye.dk\/index.php?rest_route=\/wp\/v2\/types\/page"}],"author":[{"embeddable":true,"href":"https:\/\/turirye.dk\/index.php?rest_route=\/wp\/v2\/users\/1"}],"replies":[{"embeddable":true,"href":"https:\/\/turirye.dk\/index.php?rest_route=%2Fwp%2Fv2%2Fcomments&post=1834"}],"version-history":[{"count":62,"href":"https:\/\/turirye.dk\/index.php?rest_route=\/wp\/v2\/pages\/1834\/revisions"}],"predecessor-version":[{"id":2697,"href":"https:\/\/turirye.dk\/index.php?rest_route=\/wp\/v2\/pages\/1834\/revisions\/2697"}],"wp:attachment":[{"href":"https:\/\/turirye.dk\/index.php?rest_route=%2Fwp%2Fv2%2Fmedia&parent=1834"}],"curies":[{"name":"wp","href":"https:\/\/api.w.org\/{rel}","templated":true}]}}