{"id":1449,"date":"2024-02-01T17:36:19","date_gmt":"2024-02-01T17:36:19","guid":{"rendered":"https:\/\/turirye.dk\/?page_id=1449"},"modified":"2024-03-07T19:07:22","modified_gmt":"2024-03-07T19:07:22","slug":"qigong-kursus","status":"publish","type":"page","link":"https:\/\/turirye.dk\/?page_id=1449","title":{"rendered":"QIGONG"},"content":{"rendered":"\n<h2 class=\"wp-block-heading has-medium-font-size\">Qigong med Maria Diekmann<\/h2>\n\n\n\n<p>Inspireret af Qigong, Alexanderteknik og meditation tilbyder jeg en workshop med fokus p\u00e5 at skabe bedre balance\u00a0 og for\u00f8get bevidsthed omkring, hvordan vi bruger vores krop, b\u00e5de n\u00e5r vi tr\u00e6ner, men ogs\u00e5 i almindelige hverdagssituationer. Workshoppen er bygget op omkring en serie enkle \u00f8velser, som er nemme at l\u00e6re, og kan udf\u00f8res hjemme. Ved regelm\u00e6ssig Qigong tr\u00e6ning kan vi skabe for\u00f8get ro og fordybelse i vores liv. Vi kan f\u00e5 kontakt til kroppens selvhelbredende resurser og styrke energiens flow.<\/p>\n\n\n\n<p>P\u00e5 kurset vil vi bruge den omkringliggende natur, \u00f8velsernes bl\u00f8de n\u00e6rv\u00e6r og smagning af forskellige teer til at arbejde med at forfine vores sansning. Vi vil arbejde med at fordybe kontakten til os selv, vores krop, til jorden, himlen og alt det, der ligger i mellem.<\/p>\n\n\n\n<p>At st\u00e5 som et tr\u00e6. B\u00f8jer sig i vinden. Fra havets dyb ruller de op p\u00e5 stranden. Klukker, bruser. Vinden, som rammer din hud. Brisen, som f\u00e5r bladene til at flimre. Stemningen kommer og g\u00e5r. Du roterer foden, koncentreret, n\u00e6nsomt, et bl\u00f8dt fokus, p\u00e5 foden, p\u00e5 horisonten. Indeni og udenp\u00e5. Bev\u00e6ger dig langsomt. Henover t\u00f8rre blade. P\u00e5 fugtig jord. I vinden. I vandet. B\u00f8lgen.<\/p>\n\n\n\n<p class=\"has-light-gray-background-color has-background\"><strong>Datoer:<\/strong> Fredag den 12. april og torsdag den 2. maj 2024 kl. 17-19<br><strong>Pris:<\/strong> 150 kr. pr. gang<\/p>\n\n\n\n<p><br><strong>Maria Diekmann<\/strong> m\u00f8dte Qigongen, da hun i forbindelse med et sygdomsforl\u00f8b gerne ville arbejde med at begribe og styrke kroppens selvhelbredende potentiale. Hun er uddannet billedkunstner, tidligere violinist og arbejder nu med te. Undervejs har hun taget en healinguddannelse og v\u00e6ret i gang med at uddanne sig til zoneterapeut.<\/p>\n","protected":false},"excerpt":{"rendered":"<p>Qigong med Maria Diekmann Inspireret af Qigong, Alexanderteknik og meditation tilbyder jeg en workshop med fokus p\u00e5 at skabe bedre balance\u00a0 og for\u00f8get bevidsthed omkring, hvordan vi bruger vores krop, b\u00e5de n\u00e5r vi tr\u00e6ner, men ogs\u00e5 i almindelige hverdagssituationer. Workshoppen er bygget op omkring en serie enkle \u00f8velser, som er nemme at l\u00e6re, og kan [&hellip;]<\/p>\n","protected":false},"author":1,"featured_media":0,"parent":0,"menu_order":0,"comment_status":"closed","ping_status":"closed","template":"","meta":{"footnotes":""},"class_list":["post-1449","page","type-page","status-publish","hentry"],"_links":{"self":[{"href":"https:\/\/turirye.dk\/index.php?rest_route=\/wp\/v2\/pages\/1449","targetHints":{"allow":["GET"]}}],"collection":[{"href":"https:\/\/turirye.dk\/index.php?rest_route=\/wp\/v2\/pages"}],"about":[{"href":"https:\/\/turirye.dk\/index.php?rest_route=\/wp\/v2\/types\/page"}],"author":[{"embeddable":true,"href":"https:\/\/turirye.dk\/index.php?rest_route=\/wp\/v2\/users\/1"}],"replies":[{"embeddable":true,"href":"https:\/\/turirye.dk\/index.php?rest_route=%2Fwp%2Fv2%2Fcomments&post=1449"}],"version-history":[{"count":18,"href":"https:\/\/turirye.dk\/index.php?rest_route=\/wp\/v2\/pages\/1449\/revisions"}],"predecessor-version":[{"id":2682,"href":"https:\/\/turirye.dk\/index.php?rest_route=\/wp\/v2\/pages\/1449\/revisions\/2682"}],"wp:attachment":[{"href":"https:\/\/turirye.dk\/index.php?rest_route=%2Fwp%2Fv2%2Fmedia&parent=1449"}],"curies":[{"name":"wp","href":"https:\/\/api.w.org\/{rel}","templated":true}]}}