{"id":1431,"date":"2024-02-01T17:27:07","date_gmt":"2024-02-01T17:27:07","guid":{"rendered":"https:\/\/turirye.dk\/?page_id=1431"},"modified":"2026-02-15T17:05:28","modified_gmt":"2026-02-15T17:05:28","slug":"aarstidernes-cyklus","status":"publish","type":"page","link":"https:\/\/turirye.dk\/?page_id=1431","title":{"rendered":"FORDYBELSESDAGE"},"content":{"rendered":"\n<h2 class=\"wp-block-heading has-medium-font-size\">\u00c5rets cyklus og vores indre proces<\/h2>\n\n\n\n<div class=\"wp-block-cover\" style=\"min-height:277px;aspect-ratio:unset;\"><img fetchpriority=\"high\" decoding=\"async\" width=\"1080\" height=\"600\" class=\"wp-block-cover__image-background wp-image-2567\" alt=\"\" src=\"https:\/\/turirye.dk\/wp-content\/uploads\/2024\/02\/banner_red-4.jpg\" data-object-fit=\"cover\" srcset=\"https:\/\/turirye.dk\/wp-content\/uploads\/2024\/02\/banner_red-4.jpg 1080w, https:\/\/turirye.dk\/wp-content\/uploads\/2024\/02\/banner_red-4-300x167.jpg 300w, https:\/\/turirye.dk\/wp-content\/uploads\/2024\/02\/banner_red-4-1024x569.jpg 1024w, https:\/\/turirye.dk\/wp-content\/uploads\/2024\/02\/banner_red-4-768x427.jpg 768w, https:\/\/turirye.dk\/wp-content\/uploads\/2024\/02\/banner_red-4-624x347.jpg 624w\" sizes=\"(max-width: 1080px) 100vw, 1080px\" \/><span aria-hidden=\"true\" class=\"wp-block-cover__background has-background-dim-0 has-background-dim\"><\/span><div class=\"wp-block-cover__inner-container is-layout-constrained wp-block-cover-is-layout-constrained\">\n<p class=\"has-medium-font-size\">P\u00e5 kursusdage til Sommersolhverv, Jul, Nyt\u00e5r og For\u00e5r arbejder vi meditativt, kropsligt og i naturen med \u00e5rstids- og h\u00f8jtidstemaer. Naturens stilhed skaber ro og en lytten, til hvad \u00e5rets rytme \u00e5bner af forvandling og dybere kontakt med vores indre. N\u00e5r vi f\u00f8lger den naturlige rytme i livsprocessen, kan vi lade det ske, der er parat til at folde sig ud. &#8211; Du kan deltage p\u00e5 et eller flere af kurserne.<\/p>\n<\/div><\/div>\n\n\n\n<h2 class=\"wp-block-heading has-medium-font-size\"><br>For\u00e5rs\/p\u00e5skemeditation: Spiring af noget nyt<\/h2>\n\n\n\n<p>Temaet for p\u00e5sken er transformation: At slippe og lade lag af af gamle m\u00f8nstre d\u00f8, som du ikke beh\u00f8ver l\u00e6ngere. Det \u00e5bner for, at de fr\u00f8, du har s\u00e5et, kan spire og gro. S\u00e5 du mere kan udfolde den, du er i dit indre og dine spirituelle kvaliteter.<br>Naturen og anden meditation vil v\u00e6re en hj\u00e6lp i processen til mere frihed og gl\u00e6de.<\/p>\n\n\n\n<p class=\"has-light-gray-background-color has-background\"><strong>Dato:<\/strong> L\u00f8rdag den 28. marts 2026 kl. 10 &#8211; 16.30<br><strong>Pris:<\/strong> 600 kr.<\/p>\n\n\n\n<h2 class=\"wp-block-heading\"><br>Sommersolhverv: Solens kraft og vort indre lys<\/h2>\n\n\n\n<p>Sommerens sol giver ny energi til vort \u00e6teriske energifelt og til vores skabende kraft i det liv, vi lever. Vi vil arbejde med balancering af vores 7 chakraer, is\u00e6r solarplexus, s\u00e5 vi i stedet for at v\u00e6re styret af frygtens begr\u00e6nsninger kan lade kraftfuldheden i os rettes mod det, vi har p\u00e5 hjerte. Refleksionen af  sollyset kan dermed spejle vort indre lys i vores relationer og g\u00f8rem\u00e5l.<\/p>\n\n\n\n<p class=\"has-light-gray-background-color has-background\"><strong>Dato:<\/strong> L\u00f8rdag den 20. juni 2026 kl. 10 &#8211; 16.30<br><strong>Pris:<\/strong> 600 kr.<\/p>\n\n\n\n<h2 class=\"wp-block-heading has-medium-font-size\"><br>Julemeditation: Julelys og hjertets visdom<\/h2>\n\n\n\n<p>Lyset i julen \u00e5bner for en dybere kontakt med vort hjerte. Hjertets milde klarhed kan som en ledestjerne vise vej til vort indre lys og minde os om at v\u00e6re tro mod det, der er v\u00e6rdifuldt for os i forhold til os selv og andre. I stilhed kan vi lytte indad for dybere at m\u00e6rke og forst\u00e5, hvad \u00e5ret m\u00e5ske lader tilbage, og hvad det nye \u00e5r \u00e5bner til.<\/p>\n\n\n\n<p class=\"has-light-gray-background-color has-background\"><strong>Dato:<\/strong> L\u00f8rdag den 12. december 2026 kl. 10 &#8211; 16.30<br><strong>Pris:<\/strong> 600 kr.<\/p>\n\n\n\n<h2 class=\"wp-block-heading has-medium-font-size\"><br>Nyt\u00e5rsmeditation: En ny begyndelse<\/h2>\n\n\n\n<p>Nyt\u00e5ret er en afsked med det<strong>, <\/strong>vi ikke beh\u00f8ver mere. Det nye \u00e5rs begyndelse \u00e5bner tanker og bevidsthed til at se det kendte og os selv i et nyt lys af muligheder. Hvad skal der slippes, og hvor er der brug for forandring? Hvordan kan du bruge dig selv og dine potentialer p\u00e5 nye, frugtbare m\u00e5der til gl\u00e6de for andre og dig selv?<\/p>\n\n\n\n<p class=\"has-light-gray-background-color has-background\"><strong>Dato:<\/strong> L\u00f8rdag den 23.  januar 2027 kl. 10 &#8211; 16.30<br><strong>Pris:<\/strong> 600 kr.<\/p>\n\n\n\n<p><\/p>\n\n\n\n<div class=\"wp-block-buttons is-layout-flex wp-block-buttons-is-layout-flex\">\n<div class=\"wp-block-button is-style-outline is-style-outline--1\"><a class=\"wp-block-button__link wp-element-button\" href=\"https:\/\/turirye.dk\/?page_id=213\"><strong>MEDITATION OG MINDFULNESS \u2192<\/strong><\/a><\/div>\n<\/div>\n\n\n\n<p><\/p>\n\n\n\n<p>Se desuden de tre retretr\u04d5tekurser:<\/p>\n\n\n\n<p><\/p>\n\n\n\n<div class=\"wp-block-buttons is-layout-flex wp-block-buttons-is-layout-flex\">\n<div class=\"wp-block-button is-style-outline is-style-outline--2\"><a class=\"wp-block-button__link wp-element-button\" href=\"https:\/\/turirye.dk\/?page_id=2354#pinseretreat\"><strong>PINSERETR\u04d4TE \u2192<\/strong><\/a><\/div>\n<\/div>\n\n\n\n<p><\/p>\n\n\n\n<div class=\"wp-block-buttons is-layout-flex wp-block-buttons-is-layout-flex\">\n<div class=\"wp-block-button is-style-outline is-style-outline--3\"><a class=\"wp-block-button__link wp-element-button\" href=\"https:\/\/turirye.dk\/?page_id=2354#sommerretreat\"><strong>SOMMERRETR\u04d4TE \u2192<\/strong><\/a><\/div>\n<\/div>\n\n\n\n<p><\/p>\n\n\n\n<div class=\"wp-block-buttons is-layout-flex wp-block-buttons-is-layout-flex\">\n<div class=\"wp-block-button is-style-outline is-style-outline--4\"><a class=\"wp-block-button__link wp-element-button\" href=\"https:\/\/turirye.dk\/?page_id=2354#hoestretreat\"><strong>H\u00d8ST<strong>RETR\u04d4TE<\/strong> \u2192<\/strong><\/a><\/div>\n<\/div>\n\n\n\n<p><\/p>\n","protected":false},"excerpt":{"rendered":"<p>\u00c5rets cyklus og vores indre proces For\u00e5rs\/p\u00e5skemeditation: Spiring af noget nyt Temaet for p\u00e5sken er transformation: At slippe og lade lag af af gamle m\u00f8nstre d\u00f8, som du ikke beh\u00f8ver l\u00e6ngere. Det \u00e5bner for, at de fr\u00f8, du har s\u00e5et, kan spire og gro. S\u00e5 du mere kan udfolde den, du er i dit indre [&hellip;]<\/p>\n","protected":false},"author":1,"featured_media":0,"parent":0,"menu_order":0,"comment_status":"closed","ping_status":"closed","template":"","meta":{"footnotes":""},"class_list":["post-1431","page","type-page","status-publish","hentry"],"_links":{"self":[{"href":"https:\/\/turirye.dk\/index.php?rest_route=\/wp\/v2\/pages\/1431","targetHints":{"allow":["GET"]}}],"collection":[{"href":"https:\/\/turirye.dk\/index.php?rest_route=\/wp\/v2\/pages"}],"about":[{"href":"https:\/\/turirye.dk\/index.php?rest_route=\/wp\/v2\/types\/page"}],"author":[{"embeddable":true,"href":"https:\/\/turirye.dk\/index.php?rest_route=\/wp\/v2\/users\/1"}],"replies":[{"embeddable":true,"href":"https:\/\/turirye.dk\/index.php?rest_route=%2Fwp%2Fv2%2Fcomments&post=1431"}],"version-history":[{"count":48,"href":"https:\/\/turirye.dk\/index.php?rest_route=\/wp\/v2\/pages\/1431\/revisions"}],"predecessor-version":[{"id":3145,"href":"https:\/\/turirye.dk\/index.php?rest_route=\/wp\/v2\/pages\/1431\/revisions\/3145"}],"wp:attachment":[{"href":"https:\/\/turirye.dk\/index.php?rest_route=%2Fwp%2Fv2%2Fmedia&parent=1431"}],"curies":[{"name":"wp","href":"https:\/\/api.w.org\/{rel}","templated":true}]}}