{"id":1376,"date":"2024-02-01T16:13:54","date_gmt":"2024-02-01T16:13:54","guid":{"rendered":"https:\/\/turirye.dk\/?page_id=1376"},"modified":"2026-04-04T13:39:10","modified_gmt":"2026-04-04T13:39:10","slug":"grundforloeb-i-healing","status":"publish","type":"page","link":"https:\/\/turirye.dk\/?page_id=1376","title":{"rendered":"GRUND- OG FORTS\u00c6TTERFORL\u00d8B I HEALING"},"content":{"rendered":"\n<div class=\"wp-block-columns is-layout-flex wp-container-core-columns-is-layout-9d6595d7 wp-block-columns-is-layout-flex\">\n<div class=\"wp-block-column is-layout-flow wp-block-column-is-layout-flow\" style=\"flex-basis:25%\"><\/div>\n\n\n\n<div class=\"wp-block-column is-layout-flow wp-block-column-is-layout-flow\" style=\"flex-basis:50%\">\n<p class=\"has-medium-font-size\"><br>&#8220;Healing er k\u00e6rlighed, der f\u00f8lger naturlige love og bliver kanaliseret gennem sensitive mennesker&#8221; (Bob Moore)<br><\/p>\n<\/div>\n\n\n\n<div class=\"wp-block-column is-layout-flow wp-block-column-is-layout-flow\" style=\"flex-basis:25%\"><\/div>\n<\/div>\n\n\n\n<h2 class=\"wp-block-heading has-medium-font-size\">Gl\u00e6den ved at give healing til andre<\/h2>\n\n\n\n<p>Kursuscenter Skovriderg\u00e5rden tilbyder igen i 2026 henholdsvis for\u00e5r og efter\u00e5r  to Grundforl\u00f8b i Healing over to weekender i Bob Moores hjertemilde, kropsfunderede, dybtvirkende healing. Programindholdet p\u00e5 de to kursusforl\u00f8b er det samme. Derudover tilbydes et Forts\u00e6tterforl\u00f8b over to weekender, som er en udvidelse og forts\u00e6ttelse af Grundforl\u00f8bet.<\/p>\n\n\n\n<h2 class=\"wp-block-heading has-medium-font-size\">Healing Grundforl\u00f8b<\/h2>\n\n\n\n<p class=\"has-light-gray-background-color has-background\"><strong>Datoer<\/strong> : 24. &#8211; 26. april og 5. &#8211; 7. juni 2026<br><strong>Datoer<\/strong> : 11. &#8211; 13. september og 20. &#8211; 22. november 2026<br><strong>Tider:<\/strong> Fredag kl. 17 &#8211; 20, l\u00f8rdag kl. 9.30 &#8211; 18 og s\u00f8ndag kl. 9.30 &#8211; 16.30<br><strong>Pris:<\/strong> 5000 kr. for 2 weekendkurser (depositum 500 kr. ved tilmelding)<\/p>\n\n\n\n<h2 class=\"wp-block-heading has-medium-font-size\">Healing Forts\u00e6tterforl\u00f8b<\/h2>\n\n\n\n<p class=\"has-light-gray-background-color has-background\"><strong>Datoer<\/strong> : 27. februar &#8211; 1. marts  og 12. &#8211; 14. juni 2026<br><strong>Tider:<\/strong>  Fredag kl. 17 &#8211; 20, l\u00f8rdag kl. 9.30 &#8211; 18 og s\u00f8ndag kl. 9.30 &#8211; 16.30<br><strong>Pris:<\/strong> 5000 kr. for 2 weekendkurser (depositum 500 kr. ved tilmelding)<\/p>\n\n\n\n<h2 class=\"wp-block-heading has-medium-font-size\">M\u00e5lgruppe<\/h2>\n\n\n\n<p>Grundforl\u00f8bet i Healing og Forts\u00e6tterforl\u00f8bet er tilbud til dig, der arbejder med mennesker i behandlingsarbejde, psykologisk, kropsterapeutisk eller socialp\u00e6dagogisk, samt i sundhedsarbejde og coaching. <br>Det er for dig, der arbejder med andre former for healing og gerne vil pr\u00e6cisere, fordybe og videreudvikle dit healingarbejde og din viden. Og for dig, der gerne vil l\u00e6re healing til familie, venner og kolleger, ogs\u00e5 som en selv- udviklingsproces.<\/p>\n\n\n\n<h2 class=\"wp-block-heading has-medium-font-size\">Hvad l\u00e6rer du p\u00e5 Healing Grundforl\u00f8bet og Forts\u00e6tterforl\u00f8bet<\/h2>\n\n\n\n<p>Undervisningen p\u00e5 de 2 kurser vil veksle mellem faglig viden om healing, udveksling af siddende og liggende healing, samt et selv- udviklingsarbejde, der \u00e5bner dybere til dine kvaliteter for healing. Der vil v\u00e6re en indf\u00f8ring i Bob Moores meget veludviklede viden om anatomien i vores energisystem, og hvordan vi mere bevidst og pr\u00e6cist kan arbejde med healing af kroppen, energisystemet, samt blokerende f\u00f8lelses- og tankem\u00f8nstre.<\/p>\n\n\n\n<p>Du vil l\u00e6re vigtige energipunkter og energistr\u00f8mme i menneskets fint sammensatte energianatomi at kende og deres betydning for vores sundhed i krop og sind.<\/p>\n\n\n\n<p>F\u00e5 en st\u00f8rre viden om de 7 chakraers funktion og kvaliteter, forbindelse med kroppens sundhed og betydning i vores udviklingsproces. <\/p>\n\n\n\n<p>L\u00e6re om balancering af de polariteter, vi best\u00e5r af, is\u00e6r de kvindelige og mandlige kvalitetsaspekters betydning, fysisk, psykisk og udviklingsm\u00e6ssigt.<\/p>\n\n\n\n<p>Du vil l\u00e6re en siddende og en liggende healinggrundform med variationer, og hvordan healing virker afbalancerende i forhold til forskellige problemer i krop og sind. Du kan bruge healingerne supplerende og fordybende sammen med andet behandlingsarbejde.<\/p>\n\n\n\n<p>Du vil f\u00e5 konkret erfaring med og udvikle din sansning af energibev\u00e6gelser, energipunkter og -str\u00f8mme, chakraer og polaritetsomr\u00e5der. Samt virkningen af energiarbejde.<\/p>\n\n\n\n<p>Du vil l\u00e6re en balanceret \u00e5bning og afslutning af et healingarbejde. Og l\u00e6re m\u00e5der at afgr\u00e6nse og rense dig i arbejdet med andre mennesker.<\/p>\n\n\n\n<p>Mellem kurserne forventes du at bruge healingerne og udvikle erfaring med deres virkning i forhold til forskellige mennesker. Der vil v\u00e6re mulighed for sp\u00f8rgsm\u00e5l og at f\u00e5 supervision p\u00e5 dine healingoplevelser.<\/p>\n\n\n\n<h2 class=\"wp-block-heading has-medium-font-size\">Hjertekontakt og Selv-udvikling<\/h2>\n\n\n\n<p>Kontakten med vores hjerte er afg\u00f8rende i healing af andre. Hjertets milde, k\u00e6rlige energi fordyber healingarbejdet og kan n\u00e6nsomt over tid forandre selv dybe ubalancer og problemer. Her er konkret viden om og sansning af energi et vigtigt, fagligt grundlag.<\/p>\n\n\n\n<p>Men vi er selv vort vigtigste redskab i relations- og healende behandlingsarbejde. Healing er derfor ogs\u00e5 et selv- udviklingsarbejde med at slippe gamle, blokerende m\u00f8nstre, der skygger for kontakten med vores hjertekvaliteter. Vi vil arbejde med en selvhealende, fordybende egenproces i meditation, kropsarbejde og naturfordybelse, hvor du kan l\u00e6re dine healende kvaliteter bedre at kende og udvikle dem. Jo dybere kontakt, du har med dine hjertekvaliteter og indre kerne af lys, jo dybere healing kan du v\u00e6re kanal for til andre.<\/p>\n\n\n\n<h2 class=\"wp-block-heading has-medium-font-size\">Hvorfor v\u00e6lge Bob Moore Healing?<\/h2>\n\n\n\n<p>Bob Moore healing er konkret, pr\u00e6cis, nuanceret og forfinet. Healingen er baseret p\u00e5 et yderst veludviklet vidensgrundlag om kroppens og det \u00e6teriske lags energipunkter og -str\u00f8mme med afg\u00f8rende betydning for sygdom, sundhed og livskraft. Det rummer en detaljeret og udviklet forst\u00e5else af chakraernes funktion, indbyrdes samspil og indvirkning p\u00e5 kroppens sundhed. Samt betydningen af den subtile, vidtforgrenede vekselvirkning mellem polariteter i krop, sind og \u00e5nd, is\u00e6r de kvindelige og mandlige kvalitetsaspekter i os.<\/p>\n\n\n\n<p>Grundlaget for healingen er vores kontakt med hjertets milde, n\u00e6nsomme, respektfulde k\u00e6rlighedsenergi, der afg\u00f8rende forandrer kvaliteten i relationer og kommunikationen mellem mennesker. Bob Moores egen dybe hjertekontakt var grundl\u00e6ggende i vidensudviklingen og i undervisningen som et levende eksempel p\u00e5, hvad hjerteenergi er og kan skabe i og mellem mennesker.<\/p>\n\n\n\n<p>Selv har jeg 35 \u00e5rs erfaring med Bob Moore healingens dybe virkning for forskellige mennesker fra&nbsp; individuelle forl\u00f8b og udviklingsgrupper. Jeg har afholdt kurser i healing i snart 20 \u00e5r, hvor fundamentet har v\u00e6ret en kombination af faglig viden om energi og bevidst healingarbejde, og den bl\u00f8de hjertekontakts store betydning i undervisningen, i gruppeenergien og healingudvekslingen.<\/p>\n\n\n\n<p>Der er mulighed for at forts\u00e6tte p\u00e5 Healinguddannelsen. Hold III starter marts 2025. <\/p>\n\n\n\n<h2 class=\"wp-block-heading has-medium-font-size\">Mere information og praktisk<\/h2>\n\n\n\n<p>Ring eller skriv gerne for sp\u00f8rgsm\u00e5l og en samtale, om Grundforl\u00f8bet i Healing kan passe til dig.<\/p>\n\n\n\n<p>P\u00e5 Grundforl\u00f8bet vil der blive udleveret kursusmateriale. Og der serveres te, kaffe, frugt og mellemm\u00e5ltider.<\/p>\n\n\n\n<p>Der er mulighed for overnatning p\u00e5 Kursuscenter Skovriderg\u00e5rden eller i n\u00e6rheden. I k\u00f8kkenet kan du lave egen mad i hyggeligt samv\u00e6r med andre kursister. Der er skov og strand i n\u00e6rheden til g\u00e5ture og badning.<\/p>\n\n\n\n<p><\/p>\n\n\n\n<p><\/p>\n\n\n\n<p><\/p>\n\n\n\n<div class=\"wp-block-columns is-layout-flex wp-container-core-columns-is-layout-9d6595d7 wp-block-columns-is-layout-flex\">\n<div class=\"wp-block-column is-layout-flow wp-block-column-is-layout-flow\">\n<div class=\"wp-block-group\"><div class=\"wp-block-group__inner-container is-layout-constrained wp-block-group-is-layout-constrained\">\n<div class=\"wp-block-columns is-layout-flex wp-container-core-columns-is-layout-9d6595d7 wp-block-columns-is-layout-flex\">\n<div class=\"wp-block-column is-vertically-aligned-bottom is-layout-flow wp-block-column-is-layout-flow\">\n<div class=\"wp-block-columns is-layout-flex wp-container-core-columns-is-layout-9d6595d7 wp-block-columns-is-layout-flex\">\n<div class=\"wp-block-column is-layout-flow wp-block-column-is-layout-flow\" style=\"flex-basis:33.33%\"><\/div>\n\n\n\n<div class=\"wp-block-column is-layout-flow wp-block-column-is-layout-flow\" style=\"flex-basis:66.66%\"><div class=\"wp-block-image\">\n<figure class=\"aligncenter size-large\"><img fetchpriority=\"high\" decoding=\"async\" width=\"1024\" height=\"1024\" src=\"https:\/\/turirye.dk\/wp-content\/uploads\/2024\/02\/turi_seerose_bl-1-1024x1024.jpg\" alt=\"\" class=\"wp-image-2389\" style=\"object-fit:cover\" srcset=\"https:\/\/turirye.dk\/wp-content\/uploads\/2024\/02\/turi_seerose_bl-1-1024x1024.jpg 1024w, https:\/\/turirye.dk\/wp-content\/uploads\/2024\/02\/turi_seerose_bl-1-300x300.jpg 300w, https:\/\/turirye.dk\/wp-content\/uploads\/2024\/02\/turi_seerose_bl-1-150x150.jpg 150w, https:\/\/turirye.dk\/wp-content\/uploads\/2024\/02\/turi_seerose_bl-1-768x768.jpg 768w, https:\/\/turirye.dk\/wp-content\/uploads\/2024\/02\/turi_seerose_bl-1-624x624.jpg 624w, https:\/\/turirye.dk\/wp-content\/uploads\/2024\/02\/turi_seerose_bl-1.jpg 1080w\" sizes=\"(max-width: 1024px) 100vw, 1024px\" \/><\/figure>\n<\/div><\/div>\n<\/div>\n<\/div>\n\n\n\n<div class=\"wp-block-column is-vertically-aligned-center is-layout-flow wp-block-column-is-layout-flow\">\n<div class=\"wp-block-columns is-layout-flex wp-container-core-columns-is-layout-9d6595d7 wp-block-columns-is-layout-flex\">\n<div class=\"wp-block-column is-layout-flow wp-block-column-is-layout-flow\">\n<p class=\"has-dark-gray-color has-text-color has-link-color has-medium-font-size wp-elements-b8315ba0a3a02336b51a6602776c5483\"><strong><a href=\"https:\/\/turirye.dk\/?page_id=1834\" data-type=\"page\" data-id=\"1834\">L\u00e6s mere om Bob Moore Healing \u2192<\/a><\/strong><\/p>\n<\/div>\n\n\n\n<div class=\"wp-block-column is-layout-flow wp-block-column-is-layout-flow\"><\/div>\n<\/div>\n<\/div>\n<\/div>\n<\/div><\/div>\n<\/div>\n<\/div>\n\n\n\n<div class=\"wp-block-columns is-layout-flex wp-container-core-columns-is-layout-9d6595d7 wp-block-columns-is-layout-flex\">\n<div class=\"wp-block-column is-layout-flow wp-block-column-is-layout-flow\">\n<div class=\"wp-block-columns is-layout-flex wp-container-core-columns-is-layout-9d6595d7 wp-block-columns-is-layout-flex\">\n<div class=\"wp-block-column is-layout-flow wp-block-column-is-layout-flow\" style=\"flex-basis:33.33%\"><\/div>\n\n\n\n<div class=\"wp-block-column is-layout-flow wp-block-column-is-layout-flow\" style=\"flex-basis:66.66%\"><div class=\"wp-block-image\">\n<figure class=\"aligncenter size-large\"><img decoding=\"async\" width=\"1024\" height=\"1024\" src=\"https:\/\/turirye.dk\/wp-content\/uploads\/2024\/02\/turi_seerose_green-1-1024x1024.jpg\" alt=\"\" class=\"wp-image-2359\" srcset=\"https:\/\/turirye.dk\/wp-content\/uploads\/2024\/02\/turi_seerose_green-1-1024x1024.jpg 1024w, https:\/\/turirye.dk\/wp-content\/uploads\/2024\/02\/turi_seerose_green-1-300x300.jpg 300w, https:\/\/turirye.dk\/wp-content\/uploads\/2024\/02\/turi_seerose_green-1-150x150.jpg 150w, https:\/\/turirye.dk\/wp-content\/uploads\/2024\/02\/turi_seerose_green-1-768x768.jpg 768w, https:\/\/turirye.dk\/wp-content\/uploads\/2024\/02\/turi_seerose_green-1-624x624.jpg 624w, https:\/\/turirye.dk\/wp-content\/uploads\/2024\/02\/turi_seerose_green-1.jpg 1080w\" sizes=\"(max-width: 1024px) 100vw, 1024px\" \/><\/figure>\n<\/div><\/div>\n<\/div>\n<\/div>\n\n\n\n<div class=\"wp-block-column is-vertically-aligned-center is-layout-flow wp-block-column-is-layout-flow\">\n<div class=\"wp-block-columns is-layout-flex wp-container-core-columns-is-layout-9d6595d7 wp-block-columns-is-layout-flex\">\n<div class=\"wp-block-column is-layout-flow wp-block-column-is-layout-flow\">\n<p class=\"has-medium-font-size\"><strong><a href=\"https:\/\/turirye.dk\/?page_id=2222\" data-type=\"page\" data-id=\"2222\">L\u00e6s mere om Healinguddannelsen  \u2192<\/a><\/strong><\/p>\n<\/div>\n\n\n\n<div class=\"wp-block-column is-layout-flow wp-block-column-is-layout-flow\"><\/div>\n<\/div>\n<\/div>\n<\/div>\n","protected":false},"excerpt":{"rendered":"<p>&#8220;Healing er k\u00e6rlighed, der f\u00f8lger naturlige love og bliver kanaliseret gennem sensitive mennesker&#8221; (Bob Moore) Gl\u00e6den ved at give healing til andre Kursuscenter Skovriderg\u00e5rden tilbyder igen i 2026 henholdsvis for\u00e5r og efter\u00e5r to Grundforl\u00f8b i Healing over to weekender i Bob Moores hjertemilde, kropsfunderede, dybtvirkende healing. Programindholdet p\u00e5 de to kursusforl\u00f8b er det samme. Derudover [&hellip;]<\/p>\n","protected":false},"author":1,"featured_media":0,"parent":0,"menu_order":0,"comment_status":"closed","ping_status":"closed","template":"","meta":{"footnotes":""},"class_list":["post-1376","page","type-page","status-publish","hentry"],"_links":{"self":[{"href":"https:\/\/turirye.dk\/index.php?rest_route=\/wp\/v2\/pages\/1376","targetHints":{"allow":["GET"]}}],"collection":[{"href":"https:\/\/turirye.dk\/index.php?rest_route=\/wp\/v2\/pages"}],"about":[{"href":"https:\/\/turirye.dk\/index.php?rest_route=\/wp\/v2\/types\/page"}],"author":[{"embeddable":true,"href":"https:\/\/turirye.dk\/index.php?rest_route=\/wp\/v2\/users\/1"}],"replies":[{"embeddable":true,"href":"https:\/\/turirye.dk\/index.php?rest_route=%2Fwp%2Fv2%2Fcomments&post=1376"}],"version-history":[{"count":127,"href":"https:\/\/turirye.dk\/index.php?rest_route=\/wp\/v2\/pages\/1376\/revisions"}],"predecessor-version":[{"id":3166,"href":"https:\/\/turirye.dk\/index.php?rest_route=\/wp\/v2\/pages\/1376\/revisions\/3166"}],"wp:attachment":[{"href":"https:\/\/turirye.dk\/index.php?rest_route=%2Fwp%2Fv2%2Fmedia&parent=1376"}],"curies":[{"name":"wp","href":"https:\/\/api.w.org\/{rel}","templated":true}]}}