{"id":1357,"date":"2024-02-01T15:05:57","date_gmt":"2024-02-01T15:05:57","guid":{"rendered":"https:\/\/turirye.dk\/?page_id=1357"},"modified":"2026-02-22T18:13:37","modified_gmt":"2026-02-22T18:13:37","slug":"meditationsgrupper","status":"publish","type":"page","link":"https:\/\/turirye.dk\/?page_id=1357","title":{"rendered":"MEDITATIONSGRUPPER"},"content":{"rendered":"\n<div class=\"wp-block-cover\" style=\"min-height:475px;aspect-ratio:unset;\"><img fetchpriority=\"high\" decoding=\"async\" width=\"1080\" height=\"600\" class=\"wp-block-cover__image-background wp-image-2567\" alt=\"\" src=\"https:\/\/turirye.dk\/wp-content\/uploads\/2024\/02\/banner_red-4.jpg\" data-object-fit=\"cover\" srcset=\"https:\/\/turirye.dk\/wp-content\/uploads\/2024\/02\/banner_red-4.jpg 1080w, https:\/\/turirye.dk\/wp-content\/uploads\/2024\/02\/banner_red-4-300x167.jpg 300w, https:\/\/turirye.dk\/wp-content\/uploads\/2024\/02\/banner_red-4-1024x569.jpg 1024w, https:\/\/turirye.dk\/wp-content\/uploads\/2024\/02\/banner_red-4-768x427.jpg 768w, https:\/\/turirye.dk\/wp-content\/uploads\/2024\/02\/banner_red-4-624x347.jpg 624w\" sizes=\"(max-width: 1080px) 100vw, 1080px\" \/><span aria-hidden=\"true\" class=\"wp-block-cover__background has-white-background-color has-background-dim-0 has-background-dim\"><\/span><div class=\"wp-block-cover__inner-container is-layout-constrained wp-block-cover-is-layout-constrained\">\n<p class=\"has-medium-font-size\">Meditationsgrupperne er halv\u00e5rlige meditations- og selv-udviklingsforl\u00f8b i mindre grupper. Grupperne m\u00f8des hver 14. dag enten eftermiddag, aften eller online. Der arbejdes med Bob Moore meditationer og energi\u00f8velser, som er kropsligt forankrede, hjerte\u00e5bnende og del af en selv- udviklingsproces. Der er mulighed for sp\u00f8rgsm\u00e5l og feedback p\u00e5 meditationsoplevelser og din proces.<\/p>\n\n\n\n<p class=\"has-medium-font-size\">I nye grupper er meditationserfaring ikke n\u00f8dvendig, men selv- udviklingserfaring er en fordel. F\u00f8rste gang er en gratis introduktion, hvor du kan pr\u00f8ve, om meditationsformen passer til dig.<\/p>\n\n\n\n<p class=\"has-medium-font-size\">I forts\u00e6ttergrupperne er meditationserfaring en foruds\u00e6tning. Der er ledige pladser i enkelte af grupperne. Skriv eller ring gerne for en samtale om dine \u00f8nsker og behov. Tilmelding er for et samlet forl\u00f8b i en s\u00e6son.<\/p>\n<\/div><\/div>\n\n\n\n<p><\/p>\n\n\n\n<div class=\"wp-block-group\"><div class=\"wp-block-group__inner-container is-layout-constrained wp-block-group-is-layout-constrained\">\n<div class=\"wp-block-group\"><div class=\"wp-block-group__inner-container is-layout-constrained wp-block-group-is-layout-constrained\">\n<div class=\"wp-block-group\"><div class=\"wp-block-group__inner-container is-layout-constrained wp-block-group-is-layout-constrained\">\n<div class=\"wp-block-group\"><div class=\"wp-block-group__inner-container is-layout-constrained wp-block-group-is-layout-constrained\">\n<h2 class=\"wp-block-heading has-text-align-left has-medium-font-size\">NYE GRUPPER<\/h2>\n\n\n\n<div class=\"wp-block-columns is-layout-flex wp-container-core-columns-is-layout-9d6595d7 wp-block-columns-is-layout-flex\">\n<div class=\"wp-block-column is-vertically-aligned-top is-layout-flow wp-block-column-is-layout-flow\">\n<h3 class=\"wp-block-heading has-medium-font-size\" style=\"font-style:normal;font-weight:100\">Betr\u00e6de Nyt Land<\/h3>\n\n\n\n<p class=\"has-light-gray-background-color has-background\"><strong>Tid: <\/strong>Mandage i ulige uger kl. 17 &#8211; 19.30<br><strong>Datoer:<\/strong> 9. februar &#8211; 15. juni 2026<br><strong>Pris:&nbsp; <\/strong>2475 kr. (9 gange)<br><strong>Sted: <\/strong>K\u00f8ge<br><\/p>\n<\/div>\n\n\n\n<div class=\"wp-block-column is-layout-flow wp-block-column-is-layout-flow\">\n<h3 class=\"wp-block-heading has-medium-font-size\" style=\"font-style:normal;font-weight:100\">Fordybelse og Indre Ro<\/h3>\n\n\n\n<p class=\"has-light-gray-background-color has-background\"><strong>Tid:<\/strong> Onsdage i ulige uger kl. 18 &#8211; 20.30<br><strong>Datoer:<\/strong> 9. sept. &#8211; 16. dec. 2026<br><strong>Pris:<\/strong> 1925 kr. (8 gange)<br><strong>Sted:<\/strong> Online<\/p>\n\n\n\n<p><\/p>\n<\/div>\n<\/div>\n<\/div><\/div>\n<\/div><\/div>\n<\/div><\/div>\n<\/div><\/div>\n\n\n\n<div class=\"wp-block-group\"><div class=\"wp-block-group__inner-container is-layout-constrained wp-block-group-is-layout-constrained\">\n<div class=\"wp-block-group has-medium-font-size\"><div class=\"wp-block-group__inner-container is-layout-constrained wp-block-group-is-layout-constrained\">\n<h2 class=\"wp-block-heading has-text-align-left has-medium-font-size\">FORTS\u00c6TTERGRUPPER<\/h2>\n<\/div><\/div>\n\n\n\n<div class=\"wp-block-columns is-layout-flex wp-container-core-columns-is-layout-9d6595d7 wp-block-columns-is-layout-flex\">\n<div class=\"wp-block-column is-layout-flow wp-block-column-is-layout-flow\">\n<h3 class=\"wp-block-heading has-medium-font-size\" style=\"font-style:normal;font-weight:100\">Hjertevejen<\/h3>\n\n\n\n<p class=\"has-light-gray-background-color has-background\"><strong>Tid:<\/strong> Onsdage i lige uger kl. 18 &#8211; 20.30<br><strong>Dato:<\/strong> 21. januar &#8211; 10. juni  2026<br><strong>Pris:<\/strong> 2750 kr. (10 gange)<br><strong>Sted:<\/strong> Vanl\u00f8se<\/p>\n<\/div>\n\n\n\n<div class=\"wp-block-column is-layout-flow wp-block-column-is-layout-flow\">\n<h3 class=\"wp-block-heading has-medium-font-size\" style=\"font-style:normal;font-weight:100\">N\u00e6rv\u00e6rets Visdom<\/h3>\n\n\n\n<p class=\"has-light-gray-background-color has-background\"><strong>Tid:<\/strong> Torsdage i ulige uger kl. 17.30 &#8211; 20<br><strong>Dato:<\/strong> 29. januar &#8211; 18. juni 2026<br><strong>Pris:<\/strong> 3050 kr. (11 gange)<br><strong>Sted:<\/strong> Albertslund<\/p>\n<\/div>\n<\/div>\n<\/div><\/div>\n\n\n\n<div class=\"wp-block-group\"><div class=\"wp-block-group__inner-container is-layout-constrained wp-block-group-is-layout-constrained\">\n<div class=\"wp-block-columns is-layout-flex wp-container-core-columns-is-layout-9d6595d7 wp-block-columns-is-layout-flex\">\n<div class=\"wp-block-column is-layout-flow wp-block-column-is-layout-flow\">\n<h3 class=\"wp-block-heading has-medium-font-size\" style=\"font-style:normal;font-weight:100\">Lyd og Resonans<\/h3>\n\n\n\n<p class=\"has-light-gray-background-color has-background\"><strong>Tid:<\/strong> Mandage i lige uger kl. 18 &#8211; 20.30<br><strong>Dato:<\/strong> 19. januar &#8211; 8. juni .2026<br><strong>Pris:<\/strong> 2750 kr. (10 gange)<br><strong>Sted:<\/strong> Online<\/p>\n<\/div>\n\n\n\n<div class=\"wp-block-column is-layout-flow wp-block-column-is-layout-flow\">\n<h3 class=\"wp-block-heading has-medium-font-size\" style=\"font-style:normal;font-weight:100\">Moden Visdom  (Kvinder 70+)<\/h3>\n\n\n\n<p class=\"has-light-gray-background-color has-background\"><strong>Tid: <\/strong>Onsdage i ulige uger kl. 11 &#8211; 13.30<br><strong>Dato: <\/strong>28. januar &#8211; 3. juni  2026<br><strong>Pris: <\/strong>2750 kr. (10 gange)<br><strong>Sted: <\/strong>Online<\/p>\n<\/div>\n<\/div>\n\n\n\n<div class=\"wp-block-columns is-layout-flex wp-container-core-columns-is-layout-9d6595d7 wp-block-columns-is-layout-flex\">\n<div class=\"wp-block-column is-layout-flow wp-block-column-is-layout-flow\">\n<h3 class=\"wp-block-heading has-medium-font-size\" style=\"font-style:normal;font-weight:100\">Naturens Stilhed<\/h3>\n\n\n\n<p class=\"has-light-gray-background-color has-background\"><strong>Tid:<\/strong> Tirsdage i lige uger kl. 17.30  &#8211; 20<br><strong>Dato:<\/strong> 20. januar &#8211; 9. juni. 2026 <br><strong>Pris:<\/strong> 2750 kr. (10 gange) <br><strong>Sted:<\/strong> Kursuscenter Skovriderg\u00e5rden<\/p>\n<\/div>\n\n\n\n<div class=\"wp-block-column is-layout-flow wp-block-column-is-layout-flow\"><\/div>\n<\/div>\n\n\n\n<figure class=\"wp-block-image size-full\"><img decoding=\"async\" width=\"1000\" height=\"667\" src=\"https:\/\/turirye.dk\/wp-content\/uploads\/2024\/04\/gruppe.jpg\" alt=\"\" class=\"wp-image-2743\" srcset=\"https:\/\/turirye.dk\/wp-content\/uploads\/2024\/04\/gruppe.jpg 1000w, https:\/\/turirye.dk\/wp-content\/uploads\/2024\/04\/gruppe-300x200.jpg 300w, https:\/\/turirye.dk\/wp-content\/uploads\/2024\/04\/gruppe-768x512.jpg 768w, https:\/\/turirye.dk\/wp-content\/uploads\/2024\/04\/gruppe-624x416.jpg 624w\" sizes=\"(max-width: 1000px) 100vw, 1000px\" \/><\/figure>\n\n\n\n<h3 class=\"wp-block-heading\"><br><\/h3>\n<\/div><\/div>\n\n\n\n<div class=\"wp-block-buttons is-layout-flex wp-block-buttons-is-layout-flex\">\n<div class=\"wp-block-button is-style-outline is-style-outline--1\"><a class=\"wp-block-button__link wp-element-button\" href=\"https:\/\/turirye.dk\/?page_id=213\"><strong>MEDITATION OG MINDFULNESS \u2192<\/strong> <\/a><\/div>\n<\/div>\n","protected":false},"excerpt":{"rendered":"<p>NYE GRUPPER Betr\u00e6de Nyt Land Tid: Mandage i ulige uger kl. 17 &#8211; 19.30Datoer: 9. februar &#8211; 15. juni 2026Pris:&nbsp; 2475 kr. (9 gange)Sted: K\u00f8ge Fordybelse og Indre Ro Tid: Onsdage i ulige uger kl. 18 &#8211; 20.30Datoer: 9. sept. &#8211; 16. dec. 2026Pris: 1925 kr. (8 gange)Sted: Online FORTS\u00c6TTERGRUPPER Hjertevejen Tid: Onsdage i lige [&hellip;]<\/p>\n","protected":false},"author":1,"featured_media":0,"parent":0,"menu_order":0,"comment_status":"closed","ping_status":"closed","template":"","meta":{"footnotes":""},"class_list":["post-1357","page","type-page","status-publish","hentry"],"_links":{"self":[{"href":"https:\/\/turirye.dk\/index.php?rest_route=\/wp\/v2\/pages\/1357","targetHints":{"allow":["GET"]}}],"collection":[{"href":"https:\/\/turirye.dk\/index.php?rest_route=\/wp\/v2\/pages"}],"about":[{"href":"https:\/\/turirye.dk\/index.php?rest_route=\/wp\/v2\/types\/page"}],"author":[{"embeddable":true,"href":"https:\/\/turirye.dk\/index.php?rest_route=\/wp\/v2\/users\/1"}],"replies":[{"embeddable":true,"href":"https:\/\/turirye.dk\/index.php?rest_route=%2Fwp%2Fv2%2Fcomments&post=1357"}],"version-history":[{"count":90,"href":"https:\/\/turirye.dk\/index.php?rest_route=\/wp\/v2\/pages\/1357\/revisions"}],"predecessor-version":[{"id":3161,"href":"https:\/\/turirye.dk\/index.php?rest_route=\/wp\/v2\/pages\/1357\/revisions\/3161"}],"wp:attachment":[{"href":"https:\/\/turirye.dk\/index.php?rest_route=%2Fwp%2Fv2%2Fmedia&parent=1357"}],"curies":[{"name":"wp","href":"https:\/\/api.w.org\/{rel}","templated":true}]}}