{"id":1290,"date":"2024-02-01T12:02:57","date_gmt":"2024-02-01T12:02:57","guid":{"rendered":"https:\/\/turirye.dk\/?page_id=1290"},"modified":"2026-02-15T21:37:30","modified_gmt":"2026-02-15T21:37:30","slug":"forside","status":"publish","type":"page","link":"https:\/\/turirye.dk\/","title":{"rendered":"FORSIDE"},"content":{"rendered":"\n<div class=\"wp-block-columns is-layout-flex wp-container-core-columns-is-layout-9d6595d7 wp-block-columns-is-layout-flex\">\n<div class=\"wp-block-column is-layout-flow wp-block-column-is-layout-flow\" style=\"flex-basis:33.33%\">\n<div class=\"wp-block-group\"><div class=\"wp-block-group__inner-container is-layout-constrained wp-block-group-is-layout-constrained\">\n<figure class=\"wp-block-image size-full\"><img fetchpriority=\"high\" decoding=\"async\" width=\"667\" height=\"667\" src=\"https:\/\/turirye.dk\/wp-content\/uploads\/2024\/05\/portrait_turi_square.jpg\" alt=\"Turi Rye Thomsen\" class=\"wp-image-2778\" srcset=\"https:\/\/turirye.dk\/wp-content\/uploads\/2024\/05\/portrait_turi_square.jpg 667w, https:\/\/turirye.dk\/wp-content\/uploads\/2024\/05\/portrait_turi_square-300x300.jpg 300w, https:\/\/turirye.dk\/wp-content\/uploads\/2024\/05\/portrait_turi_square-150x150.jpg 150w, https:\/\/turirye.dk\/wp-content\/uploads\/2024\/05\/portrait_turi_square-624x624.jpg 624w\" sizes=\"(max-width: 667px) 100vw, 667px\" \/><\/figure>\n<\/div><\/div>\n<\/div>\n\n\n\n<div class=\"wp-block-column is-vertically-aligned-stretch is-layout-flow wp-block-column-is-layout-flow\" style=\"flex-basis:66.66%\">\n<div class=\"wp-block-group\"><div class=\"wp-block-group__inner-container is-layout-constrained wp-block-group-is-layout-constrained\">\n<p>Gennem mere end 35 \u00e5r har jeg givet kurser i meditation, mindfulness, krop og udvikling, samt individuel psykoterapi, supervision og healing.<\/p>\n<\/div><\/div>\n\n\n\n<p><strong>Grundlaget<\/strong> for min undervisning er et hjerte\u00f8nske om at inspirere andre til at f\u00e5 en dybere kontakt med de indre ressourcer og s\u00e6rlige kvaliteter, vi hver is\u00e6r har.&nbsp;Det kan \u00e5bne til nye m\u00e5der at bruge disse i dit liv og arbejde.<\/p>\n\n\n\n<p><strong>N\u00f8glekvaliteter<\/strong> i undervisningen er empatisk n\u00e6rv\u00e6r, indre ro og gl\u00e6den ved at udtrykke den, man er.<\/p>\n\n\n\n<div class=\"wp-block-buttons is-layout-flex wp-block-buttons-is-layout-flex\">\n<div class=\"wp-block-button is-style-outline is-style-outline--1\"><a class=\"wp-block-button__link wp-element-button\" href=\"https:\/\/turirye.dk\/?page_id=59\"><strong>L\u00e6s mere om mig \u2192<\/strong><\/a><\/div>\n<\/div>\n<\/div>\n<\/div>\n\n\n\n<p><\/p>\n\n\n\n<div class=\"wp-block-columns is-layout-flex wp-container-core-columns-is-layout-9d6595d7 wp-block-columns-is-layout-flex\">\n<div class=\"wp-block-column is-layout-flow wp-block-column-is-layout-flow\" style=\"flex-basis:33.33%\">\n<div class=\"wp-block-group\"><div class=\"wp-block-group__inner-container is-layout-constrained wp-block-group-is-layout-constrained\">\n<figure class=\"wp-block-image size-large\"><img decoding=\"async\" width=\"1024\" height=\"1024\" src=\"https:\/\/turirye.dk\/wp-content\/uploads\/2024\/05\/skovridergaarden2-1024x1024.jpg\" alt=\"\" class=\"wp-image-2787\" srcset=\"https:\/\/turirye.dk\/wp-content\/uploads\/2024\/05\/skovridergaarden2-1024x1024.jpg 1024w, https:\/\/turirye.dk\/wp-content\/uploads\/2024\/05\/skovridergaarden2-300x300.jpg 300w, https:\/\/turirye.dk\/wp-content\/uploads\/2024\/05\/skovridergaarden2-150x150.jpg 150w, https:\/\/turirye.dk\/wp-content\/uploads\/2024\/05\/skovridergaarden2-768x768.jpg 768w, https:\/\/turirye.dk\/wp-content\/uploads\/2024\/05\/skovridergaarden2-624x624.jpg 624w, https:\/\/turirye.dk\/wp-content\/uploads\/2024\/05\/skovridergaarden2.jpg 1080w\" sizes=\"(max-width: 1024px) 100vw, 1024px\" \/><\/figure>\n<\/div><\/div>\n<\/div>\n\n\n\n<div class=\"wp-block-column is-layout-flow wp-block-column-is-layout-flow\" style=\"flex-basis:66.66%\">\n<div class=\"wp-block-group\"><div class=\"wp-block-group__inner-container is-layout-constrained wp-block-group-is-layout-constrained\">\n<p>Vores Kursuscenter Skovriderg\u00e5rden i smukke omgivelser n\u00e6r skov og strand ved Vemmetofte Kloster giver s\u00e6rlige betingelser for ro, fordybelse, ny indsigt og udvikling.<\/p>\n<\/div><\/div>\n\n\n\n<div class=\"wp-block-group\"><div class=\"wp-block-group__inner-container is-layout-constrained wp-block-group-is-layout-constrained\">\n<div class=\"wp-block-buttons is-layout-flex wp-block-buttons-is-layout-flex\">\n<div class=\"wp-block-button is-style-outline is-style-outline--2\"><a class=\"wp-block-button__link wp-element-button\" href=\"https:\/\/turirye.dk\/?page_id=1243\"><strong>L\u00e6s mere om Kursuscenter Skovriderg\u00e5rden  \u2192<\/strong> &nbsp;<\/a><\/div>\n<\/div>\n<\/div><\/div>\n<\/div>\n<\/div>\n\n\n\n<h2 class=\"wp-block-heading has-medium-font-size\" style=\"font-style:normal;font-weight:700\">\u00c5RSPROGRAM 2026<\/h2>\n\n\n\n<h3 class=\"wp-block-heading has-medium-font-size\" style=\"font-style:normal;font-weight:100\">KURSUSCENTER SKOVRIDERG\u00c5RDEN<\/h3>\n\n\n\n<h2 class=\"wp-block-heading\" style=\"font-style:normal;font-weight:600\">\u00c5bent Hus Meditationsaftener<\/h2>\n\n\n\n<p><strong>I for\u00e5ret 2026<\/strong> tilbyder Kursuscenter Skovriderg\u00e5rden fortsat \u00c5bent Hus meditationsaftener. \u00c5bent Husaftenerne er en gratis introduktion til Bob Moore meditation, som er den form for meditation, vi bruger p\u00e5 Skovriderg\u00e5rden. Der vil v\u00e6re en kort beskrivelse inden meditationen og mulighed for sp\u00f8rgsm\u00e5l f\u00f8r og efter. Meditationerne kan du bruge i hverdagen. Alle er velkomne.<\/p>\n\n\n\n<p class=\"has-light-gray-background-color has-background\"><strong>Datoer:<\/strong> Torsdag 19. marts, onsdag 22. april og torsdag 28. maj 2026 kl. 19 &#8211; 20.30<\/p>\n\n\n\n<p>Tilmelding er n\u00f8dvendig senest samme dag p\u00e5 SMS 50 91 59 05.<\/p>\n\n\n\n<div class=\"wp-block-group\"><div class=\"wp-block-group__inner-container is-layout-constrained wp-block-group-is-layout-constrained\">\n<h2 class=\"wp-block-heading\" style=\"font-style:normal;font-weight:600\"><strong>Meditation<\/strong>s- og udviklingsgrupper <\/h2>\n<\/div><\/div>\n\n\n\n<div class=\"wp-block-group\"><div class=\"wp-block-group__inner-container is-layout-constrained wp-block-group-is-layout-constrained\">\n<p>Der er halv\u00e5rlige udviklingsforl\u00f8b i mindre meditationsgrupper hver 14. dag, eftermiddag eller aften, i Vemmetofte, K\u00f8ge, K\u00f8benhavn eller online. I trygge rammer er der mulighed for meditativ fordybelse og afbalancering, nye indsigter og Selv-udvikling i et kontinuerligt forl\u00f8b. I for\u00e5ret starter en ny meditationsgruppe i K\u00f8ge (n\u00e6r stationen).<\/p>\n\n\n\n<div class=\"wp-block-group\"><div class=\"wp-block-group__inner-container is-layout-constrained wp-block-group-is-layout-constrained\">\n<div class=\"wp-block-buttons is-layout-flex wp-block-buttons-is-layout-flex\">\n<div class=\"wp-block-button is-style-outline is-style-outline--3\"><a class=\"wp-block-button__link wp-element-button\" href=\"https:\/\/turirye.dk\/?page_id=1357\"><strong>L\u00e6s mere om Meditationsgrupper \u2192<\/strong><\/a><\/div>\n<\/div>\n<\/div><\/div>\n\n\n\n<div style=\"height:14px\" aria-hidden=\"true\" class=\"wp-block-spacer\"><\/div>\n\n\n\n<div class=\"wp-block-buttons is-layout-flex wp-block-buttons-is-layout-flex\">\n<div class=\"wp-block-button is-style-outline is-style-outline--4\"><a class=\"wp-block-button__link wp-element-button\" href=\"https:\/\/turirye.dk\/?page_id=213\"><strong>L\u00e6s mere om Meditation og Mindfulness \u2192<\/strong><\/a><\/div>\n<\/div>\n\n\n\n<div style=\"height:1em\" aria-hidden=\"true\" class=\"wp-block-spacer\"><\/div>\n\n\n\n<h2 class=\"wp-block-heading\">Fordybelsesdage<\/h2>\n\n\n\n<p>Der tilbydes 4 endags temakurser i \u00e5rets rytme med mulighed for fordybelse, ro, energifornyelse og inspiration til hverdagens liv og proces.<\/p>\n<\/div><\/div>\n\n\n\n<div class=\"wp-block-buttons is-layout-flex wp-block-buttons-is-layout-flex\">\n<div class=\"wp-block-button is-style-outline is-style-outline--5\"><a class=\"wp-block-button__link wp-element-button\" href=\"https:\/\/turirye.dk\/?page_id=1431\"><strong>L\u00e6s mere om<\/strong> <strong>Fordybelsesdage<\/strong> <strong>\u2192<\/strong><\/a><\/div>\n<\/div>\n\n\n\n<div style=\"height:14px\" aria-hidden=\"true\" class=\"wp-block-spacer\"><\/div>\n\n\n\n<h2 class=\"wp-block-heading\" style=\"font-style:normal;font-weight:600\"><strong>Healingkurser og Healinguddannelse<\/strong><\/h2>\n\n\n\n<p>Der tilbydes endagskurser med Introduktion til Healing, halv\u00e5rlige Healing Grundforl\u00f8b i henholdsvis for\u00e5r og efter\u00e5r 2026, et halv\u00e5rligt Forts\u00e6tterforl\u00f8b i Healing og en to -\u00e5rig uddannelse i Bob Moore Healing, der bygger oven p\u00e5 Grundkurset og Forts\u00e6tterkurset. &#8211; Grundkursus i Healing, Forts\u00e6tterforl\u00f8bet og Healinguddannelsen henvender sig til behandlere og faggrupper, der \u00f8nsker en st\u00f8rre forst\u00e5else for, hvad der sker i relationsarbejdet med andre mennesker og flere redskaber til at kunne give st\u00f8tte og skabe frugtbar forandring. N\u00e6ste Healinguddannelseshold 3 starter marts 2027.<\/p>\n\n\n\n<div class=\"wp-block-buttons is-layout-flex wp-block-buttons-is-layout-flex\">\n<div class=\"wp-block-button is-style-outline is-style-outline--6\"><a class=\"wp-block-button__link wp-element-button\" href=\"https:\/\/turirye.dk\/?page_id=2887\"><strong>L\u00e6s mere om<\/strong> <strong>Introduktion til Healing<\/strong> <strong>\u2192<\/strong><\/a><\/div>\n<\/div>\n\n\n\n<div style=\"height:14px\" aria-hidden=\"true\" class=\"wp-block-spacer\"><\/div>\n\n\n\n<div class=\"wp-block-buttons is-layout-flex wp-block-buttons-is-layout-flex\">\n<div class=\"wp-block-button is-style-outline is-style-outline--7\"><a class=\"wp-block-button__link wp-element-button\" href=\"https:\/\/turirye.dk\/?page_id=1376\"><strong>L\u00e6s mere om Grund-<\/strong> <strong>og Forts\u00e6tterforl\u00f8b i Healing \u2192<\/strong><\/a><\/div>\n<\/div>\n\n\n\n<div style=\"height:14px\" aria-hidden=\"true\" class=\"wp-block-spacer\"><\/div>\n\n\n\n<div class=\"wp-block-buttons is-layout-flex wp-block-buttons-is-layout-flex\">\n<div class=\"wp-block-button is-style-outline is-style-outline--8\"><a class=\"wp-block-button__link wp-element-button\" href=\"https:\/\/turirye.dk\/?page_id=2222\"><strong>L\u00e6s mere om<\/strong> <strong>Healinguddannelsen<\/strong> <strong>\u2192<\/strong><\/a><\/div>\n<\/div>\n\n\n\n<div style=\"height:1em\" aria-hidden=\"true\" class=\"wp-block-spacer\"><\/div>\n\n\n\n<div class=\"wp-block-buttons is-layout-flex wp-block-buttons-is-layout-flex\">\n<div class=\"wp-block-button is-style-outline is-style-outline--9\"><a class=\"wp-block-button__link wp-element-button\" href=\"https:\/\/turirye.dk\/?page_id=1834\"><strong>L\u00e6s mere om Bob Moore Healing \u2192<\/strong><\/a><\/div>\n<\/div>\n\n\n\n<div style=\"height:14px\" aria-hidden=\"true\" class=\"wp-block-spacer\"><\/div>\n\n\n\n<h2 class=\"wp-block-heading\" style=\"font-style:normal;font-weight:600\"><strong>Ret<\/strong>r\u00e6ter<\/h2>\n\n\n\n<p>I 2026 tilbydes p\u00e5 Kursuscenter Skovriderg\u00e5rden Pinse-, Sommer- og Efter\u00e5rsretr\u00e6ter i smukke omgivelser n\u00e6r skov og strand, samt retr\u00e6ter individuelt eller i mindre grupper. Retr\u00e6teforl\u00f8bene og individuel retr\u00e6te giver mulighed for ro og genopladning, meditativ hjertefordybelse og \u00e5bnen til nye lag i din indre proces.<\/p>\n\n\n\n<div class=\"wp-block-buttons is-layout-flex wp-block-buttons-is-layout-flex\">\n<div class=\"wp-block-button is-style-outline is-style-outline--10\"><a class=\"wp-block-button__link wp-element-button\" href=\"https:\/\/turirye.dk\/?page_id=2354#pinseretreat\"><strong>L\u00e6s mere om<\/strong> <strong>Pinseretr\u04d5te \u2192<\/strong><\/a><\/div>\n<\/div>\n\n\n\n<div style=\"height:1em\" aria-hidden=\"true\" class=\"wp-block-spacer\"><\/div>\n\n\n\n<div class=\"wp-block-buttons is-layout-flex wp-block-buttons-is-layout-flex\">\n<div class=\"wp-block-button is-style-outline is-style-outline--11\"><a class=\"wp-block-button__link wp-element-button\" href=\"https:\/\/turirye.dk\/?page_id=2354#sommerretreat\"><strong>L\u00e6s mere om<\/strong> <strong>Sommerretr\u04d5te \u2192<\/strong><\/a><\/div>\n<\/div>\n\n\n\n<div style=\"height:1em\" aria-hidden=\"true\" class=\"wp-block-spacer\"><\/div>\n\n\n\n<div class=\"wp-block-buttons is-layout-flex wp-block-buttons-is-layout-flex\">\n<div class=\"wp-block-button is-style-outline is-style-outline--12\"><a class=\"wp-block-button__link wp-element-button\" href=\"https:\/\/turirye.dk\/?page_id=2354#hoestretreat\"><strong>L\u00e6s mere om<\/strong> <strong>H\u00f8stretr\u04d5te \u2192<\/strong><\/a><\/div>\n<\/div>\n\n\n\n<div style=\"height:1em\" aria-hidden=\"true\" class=\"wp-block-spacer\"><\/div>\n\n\n\n<div class=\"wp-block-buttons is-layout-flex wp-block-buttons-is-layout-flex\">\n<div class=\"wp-block-button is-style-outline is-style-outline--13\"><a class=\"wp-block-button__link wp-element-button\" href=\"https:\/\/turirye.dk\/?page_id=2354#individuel-retreat\"><strong>L\u00e6s mere om<\/strong> <strong>Individuel Retr\u04d5te \u2192<\/strong><\/a><\/div>\n<\/div>\n\n\n\n<p><\/p>\n","protected":false},"excerpt":{"rendered":"<p>Gennem mere end 35 \u00e5r har jeg givet kurser i meditation, mindfulness, krop og udvikling, samt individuel psykoterapi, supervision og healing. Grundlaget for min undervisning er et hjerte\u00f8nske om at inspirere andre til at f\u00e5 en dybere kontakt med de indre ressourcer og s\u00e6rlige kvaliteter, vi hver is\u00e6r har.&nbsp;Det kan \u00e5bne til nye m\u00e5der at [&hellip;]<\/p>\n","protected":false},"author":1,"featured_media":0,"parent":0,"menu_order":0,"comment_status":"closed","ping_status":"closed","template":"","meta":{"footnotes":""},"class_list":["post-1290","page","type-page","status-publish","hentry"],"_links":{"self":[{"href":"https:\/\/turirye.dk\/index.php?rest_route=\/wp\/v2\/pages\/1290","targetHints":{"allow":["GET"]}}],"collection":[{"href":"https:\/\/turirye.dk\/index.php?rest_route=\/wp\/v2\/pages"}],"about":[{"href":"https:\/\/turirye.dk\/index.php?rest_route=\/wp\/v2\/types\/page"}],"author":[{"embeddable":true,"href":"https:\/\/turirye.dk\/index.php?rest_route=\/wp\/v2\/users\/1"}],"replies":[{"embeddable":true,"href":"https:\/\/turirye.dk\/index.php?rest_route=%2Fwp%2Fv2%2Fcomments&post=1290"}],"version-history":[{"count":163,"href":"https:\/\/turirye.dk\/index.php?rest_route=\/wp\/v2\/pages\/1290\/revisions"}],"predecessor-version":[{"id":3155,"href":"https:\/\/turirye.dk\/index.php?rest_route=\/wp\/v2\/pages\/1290\/revisions\/3155"}],"wp:attachment":[{"href":"https:\/\/turirye.dk\/index.php?rest_route=%2Fwp%2Fv2%2Fmedia&parent=1290"}],"curies":[{"name":"wp","href":"https:\/\/api.w.org\/{rel}","templated":true}]}}