{"id":1243,"date":"2024-01-23T21:20:40","date_gmt":"2024-01-23T21:20:40","guid":{"rendered":"https:\/\/turirye.dk\/?page_id=1243"},"modified":"2026-02-14T10:05:49","modified_gmt":"2026-02-14T10:05:49","slug":"skovridergaarden","status":"publish","type":"page","link":"https:\/\/turirye.dk\/?page_id=1243","title":{"rendered":"SKOVRIDERG\u00c5RDEN"},"content":{"rendered":"\n<h2 class=\"wp-block-heading has-medium-font-size\" style=\"font-style:normal;font-weight:600\"><strong>Kursuscenter Skovriderg\u00e5rden i Vemmetofte <\/strong><\/h2>\n\n\n\n<p>Kursuscenter Skovriderg\u00e5rden har vi etableret i 2024. Den smukke, gamle skovriderg\u00e5rd under Vemmetofte Kloster byder p\u00e5 historisk unikke rammer, der b\u00e6rer atmosf\u00e6re og historie i sig. Vivide \u00c5 med \u00f8rreder str\u00f8mmer gennem kursuscenterets smukke naturomr\u00e5de, sk\u00e6rmet af et lille stykke skov med \u00e5rhundredgamle tr\u00e6er. R\u00e5dyr, harer, pindsvin og et rigt fugleliv har hjemme i Skovriderg\u00e5rdens natur.<\/p>\n\n\n\n<p>Omr\u00e5det rummer gode muligheder for tilbagetr\u00e6kning, meditation og hvile. Naturens sk\u00f8nhed og stilhed sammen med energien fra Vemmetofte Kloster i n\u00e6rheden beriger kroppen, \u00e5bner hjertet, mens sindet falder til ro ved vandets klukken.<\/p>\n\n\n\n<h2 class=\"wp-block-heading\">Overnatning<\/h2>\n\n\n\n<p>Kursuscenter Skovriderg\u00e5rden har dobbeltv\u00e6relser og enkeltv\u00e6relser med delte badev\u00e6relser. Der er mulighed for at lave egen mad i k\u00f8kkenet i hyggeligt samv\u00e6r med de andre kursister.<\/p>\n\n\n\n<p class=\"has-light-gray-background-color has-background\"><strong>Priser<\/strong>: 175 kr. pr. nat i dobbeltv\u00e6relse <br>250 kr. pr. nat i enkeltv\u00e6relse<br>I eget telt 75 kr. pr. nat<\/p>\n\n\n\n<div class=\"wp-block-columns is-layout-flex wp-container-core-columns-is-layout-9d6595d7 wp-block-columns-is-layout-flex\">\n<div class=\"wp-block-column is-layout-flow wp-block-column-is-layout-flow\">\n<figure class=\"wp-block-image size-full\"><img fetchpriority=\"high\" decoding=\"async\" width=\"1000\" height=\"649\" src=\"https:\/\/turirye.dk\/wp-content\/uploads\/2024\/05\/kursuscenterskovridergaarden-1.jpg\" alt=\"\" class=\"wp-image-2815\" srcset=\"https:\/\/turirye.dk\/wp-content\/uploads\/2024\/05\/kursuscenterskovridergaarden-1.jpg 1000w, https:\/\/turirye.dk\/wp-content\/uploads\/2024\/05\/kursuscenterskovridergaarden-1-300x195.jpg 300w, https:\/\/turirye.dk\/wp-content\/uploads\/2024\/05\/kursuscenterskovridergaarden-1-768x498.jpg 768w, https:\/\/turirye.dk\/wp-content\/uploads\/2024\/05\/kursuscenterskovridergaarden-1-624x405.jpg 624w\" sizes=\"(max-width: 1000px) 100vw, 1000px\" \/><\/figure>\n<\/div>\n<\/div>\n\n\n\n<div class=\"wp-block-columns is-layout-flex wp-container-core-columns-is-layout-9d6595d7 wp-block-columns-is-layout-flex\">\n<div class=\"wp-block-column is-layout-flow wp-block-column-is-layout-flow\" style=\"flex-basis:33.33%\">\n<figure class=\"wp-block-image size-large\"><img decoding=\"async\" width=\"1024\" height=\"1024\" src=\"https:\/\/turirye.dk\/wp-content\/uploads\/2024\/05\/knospen-1024x1024.jpg\" alt=\"\" class=\"wp-image-2764\" srcset=\"https:\/\/turirye.dk\/wp-content\/uploads\/2024\/05\/knospen-1024x1024.jpg 1024w, https:\/\/turirye.dk\/wp-content\/uploads\/2024\/05\/knospen-300x300.jpg 300w, https:\/\/turirye.dk\/wp-content\/uploads\/2024\/05\/knospen-150x150.jpg 150w, https:\/\/turirye.dk\/wp-content\/uploads\/2024\/05\/knospen-768x768.jpg 768w, https:\/\/turirye.dk\/wp-content\/uploads\/2024\/05\/knospen-624x624.jpg 624w, https:\/\/turirye.dk\/wp-content\/uploads\/2024\/05\/knospen.jpg 1080w\" sizes=\"(max-width: 1024px) 100vw, 1024px\" \/><\/figure>\n<\/div>\n\n\n\n<div class=\"wp-block-column is-layout-flow wp-block-column-is-layout-flow\" style=\"flex-basis:66.66%\">\n<figure class=\"wp-block-image size-full\"><img decoding=\"async\" width=\"1000\" height=\"667\" src=\"https:\/\/turirye.dk\/wp-content\/uploads\/2024\/05\/vaerelse.jpg\" alt=\"\" class=\"wp-image-2765\" srcset=\"https:\/\/turirye.dk\/wp-content\/uploads\/2024\/05\/vaerelse.jpg 1000w, https:\/\/turirye.dk\/wp-content\/uploads\/2024\/05\/vaerelse-300x200.jpg 300w, https:\/\/turirye.dk\/wp-content\/uploads\/2024\/05\/vaerelse-768x512.jpg 768w, https:\/\/turirye.dk\/wp-content\/uploads\/2024\/05\/vaerelse-624x416.jpg 624w\" sizes=\"(max-width: 1000px) 100vw, 1000px\" \/><\/figure>\n<\/div>\n<\/div>\n\n\n\n<div class=\"wp-block-columns is-layout-flex wp-container-core-columns-is-layout-9d6595d7 wp-block-columns-is-layout-flex\">\n<div class=\"wp-block-column is-layout-flow wp-block-column-is-layout-flow\">\n<figure class=\"wp-block-image size-full\"><img loading=\"lazy\" decoding=\"async\" width=\"1000\" height=\"667\" src=\"https:\/\/turirye.dk\/wp-content\/uploads\/2024\/05\/vivedeaa2.jpg\" alt=\"\" class=\"wp-image-2767\" srcset=\"https:\/\/turirye.dk\/wp-content\/uploads\/2024\/05\/vivedeaa2.jpg 1000w, https:\/\/turirye.dk\/wp-content\/uploads\/2024\/05\/vivedeaa2-300x200.jpg 300w, https:\/\/turirye.dk\/wp-content\/uploads\/2024\/05\/vivedeaa2-768x512.jpg 768w, https:\/\/turirye.dk\/wp-content\/uploads\/2024\/05\/vivedeaa2-624x416.jpg 624w\" sizes=\"(max-width: 1000px) 100vw, 1000px\" \/><\/figure>\n<\/div>\n<\/div>\n\n\n\n<div class=\"wp-block-columns is-layout-flex wp-container-core-columns-is-layout-9d6595d7 wp-block-columns-is-layout-flex\">\n<div class=\"wp-block-column is-layout-flow wp-block-column-is-layout-flow\" style=\"flex-basis:66.66%\">\n<figure class=\"wp-block-image size-full\"><img loading=\"lazy\" decoding=\"async\" width=\"1000\" height=\"667\" src=\"https:\/\/turirye.dk\/wp-content\/uploads\/2024\/05\/skovridrgaarden_forside.jpg\" alt=\"\" class=\"wp-image-2769\" srcset=\"https:\/\/turirye.dk\/wp-content\/uploads\/2024\/05\/skovridrgaarden_forside.jpg 1000w, https:\/\/turirye.dk\/wp-content\/uploads\/2024\/05\/skovridrgaarden_forside-300x200.jpg 300w, https:\/\/turirye.dk\/wp-content\/uploads\/2024\/05\/skovridrgaarden_forside-768x512.jpg 768w, https:\/\/turirye.dk\/wp-content\/uploads\/2024\/05\/skovridrgaarden_forside-624x416.jpg 624w\" sizes=\"(max-width: 1000px) 100vw, 1000px\" \/><\/figure>\n<\/div>\n\n\n\n<div class=\"wp-block-column is-layout-flow wp-block-column-is-layout-flow\" style=\"flex-basis:33.33%\">\n<figure class=\"wp-block-image size-large\"><img loading=\"lazy\" decoding=\"async\" width=\"1024\" height=\"1024\" src=\"https:\/\/turirye.dk\/wp-content\/uploads\/2024\/05\/blomster-1024x1024.jpg\" alt=\"\" class=\"wp-image-2768\" srcset=\"https:\/\/turirye.dk\/wp-content\/uploads\/2024\/05\/blomster-1024x1024.jpg 1024w, https:\/\/turirye.dk\/wp-content\/uploads\/2024\/05\/blomster-300x300.jpg 300w, https:\/\/turirye.dk\/wp-content\/uploads\/2024\/05\/blomster-150x150.jpg 150w, https:\/\/turirye.dk\/wp-content\/uploads\/2024\/05\/blomster-768x768.jpg 768w, https:\/\/turirye.dk\/wp-content\/uploads\/2024\/05\/blomster-624x624.jpg 624w, https:\/\/turirye.dk\/wp-content\/uploads\/2024\/05\/blomster.jpg 1080w\" sizes=\"(max-width: 1024px) 100vw, 1024px\" \/><\/figure>\n<\/div>\n<\/div>\n\n\n\n<div class=\"wp-block-columns is-layout-flex wp-container-core-columns-is-layout-9d6595d7 wp-block-columns-is-layout-flex\">\n<div class=\"wp-block-column is-layout-flow wp-block-column-is-layout-flow\">\n<figure class=\"wp-block-image size-full\"><img loading=\"lazy\" decoding=\"async\" width=\"667\" height=\"1001\" src=\"https:\/\/turirye.dk\/wp-content\/uploads\/2024\/05\/kommodemedspejl.jpg\" alt=\"\" class=\"wp-image-2771\" srcset=\"https:\/\/turirye.dk\/wp-content\/uploads\/2024\/05\/kommodemedspejl.jpg 667w, https:\/\/turirye.dk\/wp-content\/uploads\/2024\/05\/kommodemedspejl-200x300.jpg 200w, https:\/\/turirye.dk\/wp-content\/uploads\/2024\/05\/kommodemedspejl-624x936.jpg 624w\" sizes=\"(max-width: 667px) 100vw, 667px\" \/><\/figure>\n<\/div>\n\n\n\n<div class=\"wp-block-column is-layout-flow wp-block-column-is-layout-flow\">\n<figure class=\"wp-block-image size-full\"><img loading=\"lazy\" decoding=\"async\" width=\"667\" height=\"1001\" src=\"https:\/\/turirye.dk\/wp-content\/uploads\/2024\/05\/harald2-1.jpg\" alt=\"\" class=\"wp-image-2789\" srcset=\"https:\/\/turirye.dk\/wp-content\/uploads\/2024\/05\/harald2-1.jpg 667w, https:\/\/turirye.dk\/wp-content\/uploads\/2024\/05\/harald2-1-200x300.jpg 200w, https:\/\/turirye.dk\/wp-content\/uploads\/2024\/05\/harald2-1-624x936.jpg 624w\" sizes=\"(max-width: 667px) 100vw, 667px\" \/><\/figure>\n<\/div>\n\n\n\n<div class=\"wp-block-column is-layout-flow wp-block-column-is-layout-flow\">\n<figure class=\"wp-block-image size-full\"><img loading=\"lazy\" decoding=\"async\" width=\"667\" height=\"1001\" src=\"https:\/\/turirye.dk\/wp-content\/uploads\/2024\/05\/vivedeaa.jpg\" alt=\"\" class=\"wp-image-2763\" srcset=\"https:\/\/turirye.dk\/wp-content\/uploads\/2024\/05\/vivedeaa.jpg 667w, https:\/\/turirye.dk\/wp-content\/uploads\/2024\/05\/vivedeaa-200x300.jpg 200w, https:\/\/turirye.dk\/wp-content\/uploads\/2024\/05\/vivedeaa-624x936.jpg 624w\" sizes=\"(max-width: 667px) 100vw, 667px\" \/><\/figure>\n<\/div>\n<\/div>\n\n\n\n<div class=\"wp-block-columns is-layout-flex wp-container-core-columns-is-layout-9d6595d7 wp-block-columns-is-layout-flex\">\n<div class=\"wp-block-column is-layout-flow wp-block-column-is-layout-flow\">\n<figure class=\"wp-block-image size-full\"><img loading=\"lazy\" decoding=\"async\" width=\"1000\" height=\"667\" src=\"https:\/\/turirye.dk\/wp-content\/uploads\/2024\/05\/kursuscenterskovridergaarden2.jpg\" alt=\"Kursuscenter Skovriderg\u00e5rden\" class=\"wp-image-2766\" srcset=\"https:\/\/turirye.dk\/wp-content\/uploads\/2024\/05\/kursuscenterskovridergaarden2.jpg 1000w, https:\/\/turirye.dk\/wp-content\/uploads\/2024\/05\/kursuscenterskovridergaarden2-300x200.jpg 300w, https:\/\/turirye.dk\/wp-content\/uploads\/2024\/05\/kursuscenterskovridergaarden2-768x512.jpg 768w, https:\/\/turirye.dk\/wp-content\/uploads\/2024\/05\/kursuscenterskovridergaarden2-624x416.jpg 624w\" sizes=\"(max-width: 1000px) 100vw, 1000px\" \/><\/figure>\n<\/div>\n<\/div>\n","protected":false},"excerpt":{"rendered":"<p>Kursuscenter Skovriderg\u00e5rden i Vemmetofte Kursuscenter Skovriderg\u00e5rden har vi etableret i 2024. Den smukke, gamle skovriderg\u00e5rd under Vemmetofte Kloster byder p\u00e5 historisk unikke rammer, der b\u00e6rer atmosf\u00e6re og historie i sig. Vivide \u00c5 med \u00f8rreder str\u00f8mmer gennem kursuscenterets smukke naturomr\u00e5de, sk\u00e6rmet af et lille stykke skov med \u00e5rhundredgamle tr\u00e6er. R\u00e5dyr, harer, pindsvin og et rigt fugleliv [&hellip;]<\/p>\n","protected":false},"author":1,"featured_media":0,"parent":0,"menu_order":0,"comment_status":"closed","ping_status":"closed","template":"","meta":{"footnotes":""},"class_list":["post-1243","page","type-page","status-publish","hentry"],"_links":{"self":[{"href":"https:\/\/turirye.dk\/index.php?rest_route=\/wp\/v2\/pages\/1243","targetHints":{"allow":["GET"]}}],"collection":[{"href":"https:\/\/turirye.dk\/index.php?rest_route=\/wp\/v2\/pages"}],"about":[{"href":"https:\/\/turirye.dk\/index.php?rest_route=\/wp\/v2\/types\/page"}],"author":[{"embeddable":true,"href":"https:\/\/turirye.dk\/index.php?rest_route=\/wp\/v2\/users\/1"}],"replies":[{"embeddable":true,"href":"https:\/\/turirye.dk\/index.php?rest_route=%2Fwp%2Fv2%2Fcomments&post=1243"}],"version-history":[{"count":44,"href":"https:\/\/turirye.dk\/index.php?rest_route=\/wp\/v2\/pages\/1243\/revisions"}],"predecessor-version":[{"id":3071,"href":"https:\/\/turirye.dk\/index.php?rest_route=\/wp\/v2\/pages\/1243\/revisions\/3071"}],"wp:attachment":[{"href":"https:\/\/turirye.dk\/index.php?rest_route=%2Fwp%2Fv2%2Fmedia&parent=1243"}],"curies":[{"name":"wp","href":"https:\/\/api.w.org\/{rel}","templated":true}]}}